{"id":1162,"date":"2022-01-30T18:34:38","date_gmt":"2022-01-30T17:34:38","guid":{"rendered":"http:\/\/devme.ovh\/?page_id=1162"},"modified":"2022-02-07T13:05:41","modified_gmt":"2022-02-07T12:05:41","slug":"lacademie","status":"publish","type":"page","link":"https:\/\/devme.ovh\/index.php\/lacademie\/","title":{"rendered":"JUNIOR"},"content":{"rendered":"<p><div class=\"fusion-fullwidth fullwidth-box fusion-builder-row-1 fusion-flex-container fusion-parallax-none nonhundred-percent-fullwidth non-hundred-percent-height-scrolling\" style=\"background-color: var(--awb-custom_color_3);background-image: url(&quot;http:\/\/devme.ovh\/wp-content\/uploads\/2022\/01\/bg_trio.png&quot;);background-position: center center;background-repeat: no-repeat;border-width: 0px 0px 0px 0px;border-color:var(--awb-color3);border-style:solid;-webkit-background-size:cover;-moz-background-size:cover;-o-background-size:cover;background-size:cover;\" ><div class=\"fusion-builder-row fusion-row fusion-flex-align-items-flex-start\" style=\"max-width:1248px;margin-left: calc(-4% \/ 2 );margin-right: calc(-4% \/ 2 );\"><div class=\"fusion-layout-column fusion_builder_column fusion-builder-column-0 fusion_builder_column_1_1 1_1 fusion-flex-column\"><div class=\"fusion-column-wrapper fusion-flex-justify-content-flex-start fusion-content-layout-column\" style=\"background-position:left top;background-repeat:no-repeat;-webkit-background-size:cover;-moz-background-size:cover;-o-background-size:cover;background-size:cover;padding: 69px 0px 92px 0px;\"><style type=\"text\/css\">@media only screen and (max-width:1024px) {.fusion-title.fusion-title-1{margin-top:10px!important; margin-right:0px!important;margin-bottom:15px!important;margin-left:0px!important;}}@media only screen and (max-width:640px) {.fusion-title.fusion-title-1{margin-top:10px!important; margin-right:0px!important;margin-bottom:10px!important; margin-left:0px!important;}}<\/style><div class=\"fusion-title title fusion-title-1 fusion-sep-none fusion-title-center fusion-title-text fusion-title-size-one\" style=\"margin-top:10px;margin-right:0px;margin-bottom:15px;margin-left:0px;\"><h1 class=\"title-heading-center\" style=\"margin:0;color:var(--awb-color3);\">LES CHEVALIERS &#8211; JUNIORS<\/h1><\/div><\/div><style type=\"text\/css\">.fusion-body .fusion-builder-column-0{width:100% !important;margin-top : 81px;margin-bottom : 0px;}.fusion-builder-column-0 > .fusion-column-wrapper {padding-top : 69px !important;padding-right : 0px !important;margin-right : 0%;padding-bottom : 92px !important;padding-left : 0px !important;margin-left : 0%;}@media only screen and (max-width:1024px) {.fusion-body .fusion-builder-column-0{width:100% !important;order : 0;}.fusion-builder-column-0 > .fusion-column-wrapper {margin-right : 0%;margin-left : 0%;}}@media only screen and (max-width:640px) {.fusion-body .fusion-builder-column-0{width:100% !important;order : 0;}.fusion-builder-column-0 > .fusion-column-wrapper {margin-right : 1.92%;margin-left : 1.92%;}}<\/style><\/div><\/div><style type=\"text\/css\">.fusion-body .fusion-flex-container.fusion-builder-row-1{ padding-top : 180px;margin-top : 0px;padding-right : 0px;padding-bottom : 60px;margin-bottom : 0px;padding-left : 0px;}@media only screen and (max-width:1024px) {.fusion-body .fusion-flex-container.fusion-builder-row-1{ padding-bottom : 79px;margin-bottom : 0px;}}@media only screen and (max-width:640px) {.fusion-body .fusion-flex-container.fusion-builder-row-1{ padding-bottom : 412px;margin-bottom : 2px;padding-left : 0px;}}<\/style><\/div><div class=\"fusion-fullwidth fullwidth-box fusion-builder-row-2 fusion-flex-container nonhundred-percent-fullwidth non-hundred-percent-height-scrolling\" style=\"background-color: var(--awb-color3);background-position: center center;background-repeat: no-repeat;border-width: 0px 0px 0px 0px;border-color:var(--awb-color3);border-style:solid;\" ><div class=\"fusion-builder-row fusion-row fusion-flex-align-items-flex-start\" style=\"max-width:1248px;margin-left: calc(-4% \/ 2 );margin-right: calc(-4% \/ 2 );\"><div class=\"fusion-layout-column fusion_builder_column fusion-builder-column-1 fusion_builder_column_1_1 1_1 fusion-flex-column\"><div class=\"fusion-column-wrapper fusion-flex-justify-content-flex-start fusion-content-layout-column\" style=\"background-position:left top;background-repeat:no-repeat;-webkit-background-size:cover;-moz-background-size:cover;-o-background-size:cover;background-size:cover;padding: 0px 0px 0px 0px;\"><style type=\"text\/css\">@media only screen and (max-width:1024px) {.fusion-title.fusion-title-2{margin-top:50px!important; margin-right:0px!important;margin-bottom:15px!important;margin-left:0px!important;}}@media only screen and (max-width:640px) {.fusion-title.fusion-title-2{margin-top:10px!important; margin-right:0px!important;margin-bottom:10px!important; margin-left:0px!important;}}<\/style><div class=\"fusion-title title fusion-title-2 fusion-sep-none fusion-title-text fusion-title-size-three\" style=\"margin-top:50px;margin-right:0px;margin-bottom:15px;margin-left:0px;\"><h3 class=\"title-heading-left\" style=\"margin:0;color:var(--awb-custom_color_3);\">INSCRIPTION<\/h3><\/div><\/div><style type=\"text\/css\">.fusion-body .fusion-builder-column-1{width:100% !important;margin-top : 0px;margin-bottom : 20px;}.fusion-builder-column-1 > .fusion-column-wrapper {padding-top : 0px !important;padding-right : 0px !important;margin-right : 1.92%;padding-bottom : 0px !important;padding-left : 0px !important;margin-left : 1.92%;}@media only screen and (max-width:1024px) {.fusion-body .fusion-builder-column-1{width:100% !important;order : 0;}.fusion-builder-column-1 > .fusion-column-wrapper {margin-right : 1.92%;margin-left : 1.92%;}}@media only screen and (max-width:640px) {.fusion-body .fusion-builder-column-1{width:100% !important;order : 0;}.fusion-builder-column-1 > .fusion-column-wrapper {margin-right : 1.92%;margin-left : 1.92%;}}<\/style><\/div><\/div><style type=\"text\/css\">.fusion-body .fusion-flex-container.fusion-builder-row-2{ padding-top : 0px;margin-top : 0px;padding-right : 0px;padding-bottom : 0px;margin-bottom : 0px;padding-left : 0px;}<\/style><\/div><div class=\"fusion-fullwidth fullwidth-box fusion-builder-row-3 fusion-flex-container nonhundred-percent-fullwidth non-hundred-percent-height-scrolling\" style=\"background-color: var(--awb-color3);background-position: center center;background-repeat: no-repeat;border-width: 0px 0px 0px 0px;border-color:var(--awb-color3);border-style:solid;\" ><div class=\"fusion-builder-row fusion-row fusion-flex-align-items-flex-start\" style=\"max-width:1248px;margin-left: calc(-4% \/ 2 );margin-right: calc(-4% \/ 2 );\"><div class=\"fusion-layout-column fusion_builder_column fusion-builder-column-2 fusion_builder_column_1_1 1_1 fusion-flex-column\"><div class=\"fusion-column-wrapper fusion-flex-justify-content-flex-start fusion-content-layout-column\" style=\"background-position:left top;background-repeat:no-repeat;-webkit-background-size:cover;-moz-background-size:cover;-o-background-size:cover;background-size:cover;padding: 0px 0px 0px 0px;\"><div class=\"fusion-text fusion-text-1\" style=\"color:var(--awb-custom_color_2);\"><p><span style=\"color: #000000; font-size: 16px;\" data-fusion-font=\"true\">Si vous souhaitez inscrire votre adolescent, sachez que Le Rugby Club Gen\u00e8ve Plan-les-Ouates vous disposez de 3 s\u00e9ances d&rsquo;essais gratuits. A la suite des quelles, vous pouvez d\u00e9cidez d&rsquo;inscrire ou non votre enfant.<br \/>\nLes cat\u00e9gories juniors sont au nombre de trois et repr\u00e9sentes les enfants de moins de 14 ans, les moins de 16 ans et les jeunes adultes de moins de 19 ans.<\/span><\/p>\n<\/div><div style=\"text-align:center;\"><style>.fusion-button.button-1.button-3d,.fusion-button.button-1.button-3d:hover{box-shadow:inset 0 1px 0 #fff, 0 0.15em 0 rgba(242,243,245,0), 0.1em 0.2em 0.2em 0.15em rgba(0, 0, 0, 0.3);}.fusion-button.button-1.button-3d:active,.fusion-button.button-1.button-3d:hover:active{box-shadow:inset 0 1px 0 #fff, 0 1px 0 rgba(242,243,245,0), 0.05em 0.1em 0.1em 0.07em rgba(0, 0, 0, 0.3);}.fusion-button.button-1 .fusion-button-text,.fusion-button.button-1 i{color:var(--awb-custom_color_1);}.fusion-button.button-1{border-color:var(--awb-custom_color_1);border-radius:4px 4px 4px 4px;background:var(--awb-custom_color_2);}.fusion-button.button-1:hover .fusion-button-text,.fusion-button.button-1:hover i,.fusion-button.button-1:focus .fusion-button-text,.fusion-button.button-1:focus i,.fusion-button.button-1:active .fusion-button-text,.fusion-button.button-1:active i{color:var(--awb-color3);}.fusion-button.button-1:hover,.fusion-button.button-1:active,.fusion-button.button-1:focus{border-color:var(--awb-custom_color_2);background:var(--awb-custom_color_2);}<\/style><a class=\"fusion-button button-3d fusion-button-default-size button-custom button-1 fusion-button-span-no \" target=\"_self\" href=\"http:\/\/devme.ovh\/index.php\/inscription\/\" style=\"margin-bottom:50px;\"><span class=\"fusion-button-text\">Inscrire Mon Enfant !<\/span><\/a><\/div><\/div><style type=\"text\/css\">.fusion-body .fusion-builder-column-2{width:100% !important;margin-top : 0px;margin-bottom : 20px;}.fusion-builder-column-2 > .fusion-column-wrapper {padding-top : 0px !important;padding-right : 0px !important;margin-right : 1.92%;padding-bottom : 0px !important;padding-left : 0px !important;margin-left : 1.92%;}@media only screen and (max-width:1024px) {.fusion-body .fusion-builder-column-2{width:100% !important;order : 0;}.fusion-builder-column-2 > .fusion-column-wrapper {margin-right : 1.92%;margin-left : 1.92%;}}@media only screen and (max-width:640px) {.fusion-body .fusion-builder-column-2{width:100% !important;order : 0;}.fusion-builder-column-2 > .fusion-column-wrapper {margin-right : 1.92%;margin-left : 1.92%;}}<\/style><\/div><\/div><style type=\"text\/css\">.fusion-body .fusion-flex-container.fusion-builder-row-3{ padding-top : 0px;margin-top : 0px;padding-right : 0px;padding-bottom : 0px;margin-bottom : 0px;padding-left : 0px;}<\/style><\/div><div class=\"fusion-fullwidth fullwidth-box fusion-builder-row-4 fusion-flex-container nonhundred-percent-fullwidth non-hundred-percent-height-scrolling\" style=\"background-color: var(--awb-custom_color_2);background-position: center center;background-repeat: no-repeat;border-width: 0px 0px 0px 0px;border-color:var(--awb-color3);border-style:solid;\" ><div class=\"fusion-builder-row fusion-row fusion-flex-align-items-flex-start\" style=\"max-width:1248px;margin-left: calc(-4% \/ 2 );margin-right: calc(-4% \/ 2 );\"><div class=\"fusion-layout-column fusion_builder_column fusion-builder-column-3 fusion_builder_column_1_1 1_1 fusion-flex-column\"><div class=\"fusion-column-wrapper fusion-flex-justify-content-flex-start fusion-content-layout-column\" style=\"background-position:left top;background-repeat:no-repeat;-webkit-background-size:cover;-moz-background-size:cover;-o-background-size:cover;background-size:cover;padding: 0px 0px 0px 0px;\"><style type=\"text\/css\">@media only screen and (max-width:1024px) {.fusion-title.fusion-title-3{margin-top:50px!important; margin-right:0px!important;margin-bottom:15px!important;margin-left:0px!important;}}@media only screen and (max-width:640px) {.fusion-title.fusion-title-3{margin-top:10px!important; margin-right:0px!important;margin-bottom:10px!important; margin-left:0px!important;}}<\/style><div class=\"fusion-title title fusion-title-3 fusion-sep-none fusion-title-text fusion-title-size-three\" style=\"margin-top:50px;margin-right:0px;margin-bottom:15px;margin-left:0px;\"><h3 class=\"title-heading-left\" style=\"margin:0;color:var(--awb-color3);\">HORAIRES ENTRAINEMENTS<\/h3><\/div><\/div><style type=\"text\/css\">.fusion-body .fusion-builder-column-3{width:100% !important;margin-top : 0px;margin-bottom : 20px;}.fusion-builder-column-3 > .fusion-column-wrapper {padding-top : 0px !important;padding-right : 0px !important;margin-right : 1.92%;padding-bottom : 0px !important;padding-left : 0px !important;margin-left : 1.92%;}@media only screen and (max-width:1024px) {.fusion-body .fusion-builder-column-3{width:100% !important;order : 0;}.fusion-builder-column-3 > .fusion-column-wrapper {margin-right : 1.92%;margin-left : 1.92%;}}@media only screen and (max-width:640px) {.fusion-body .fusion-builder-column-3{width:100% !important;order : 0;}.fusion-builder-column-3 > .fusion-column-wrapper {margin-right : 1.92%;margin-left : 1.92%;}}<\/style><\/div><\/div><style type=\"text\/css\">.fusion-body .fusion-flex-container.fusion-builder-row-4{ padding-top : 0px;margin-top : 0px;padding-right : 0px;padding-bottom : 0px;margin-bottom : 0px;padding-left : 0px;}<\/style><\/div><div class=\"fusion-fullwidth fullwidth-box fusion-builder-row-5 fusion-flex-container nonhundred-percent-fullwidth non-hundred-percent-height-scrolling\" style=\"background-color: var(--awb-custom_color_2);background-position: center center;background-repeat: no-repeat;border-width: 0px 0px 0px 0px;border-color:var(--awb-color3);border-style:solid;\" ><div class=\"fusion-builder-row fusion-row fusion-flex-align-items-flex-start\" style=\"max-width:1248px;margin-left: calc(-4% \/ 2 );margin-right: calc(-4% \/ 2 );\"><div class=\"fusion-layout-column fusion_builder_column fusion-builder-column-4 fusion_builder_column_1_1 1_1 fusion-flex-column\"><div class=\"fusion-column-wrapper fusion-flex-justify-content-flex-start fusion-content-layout-column\" style=\"background-position:left top;background-repeat:no-repeat;-webkit-background-size:cover;-moz-background-size:cover;-o-background-size:cover;background-size:cover;padding: 0px 0px 0px 0px;\"><div class=\"fusion-tabs fusion-tabs-1 clean tab-link vertical-tabs icon-position-left\"><style type=\"text\/css\">#wrapper .fusion-tabs.fusion-tabs-1.clean .nav-tabs li a.tab-link{border-color:rgba(12,38,56,0);}.fusion-tabs.fusion-tabs-1 .nav-tabs li a.tab-link{background-color:var(--awb-color3);}.fusion-tabs.fusion-tabs-1 .nav-tabs li.active a.tab-link,.fusion-tabs.fusion-tabs-1 .nav-tabs li.active a.tab-link:hover,.fusion-tabs.fusion-tabs-1 .nav-tabs li.active a.tab-link:focus{background-color:var(--awb-custom_color_1);}.fusion-tabs.fusion-tabs-1 .nav-tabs li a:hover{background-color:var(--awb-custom_color_1);border-top-color:var(--awb-custom_color_1);}.fusion-tabs.fusion-tabs-1 .tab-pane{background-color:var(--awb-custom_color_1);}.fusion-tabs.fusion-tabs-1 .nav,.fusion-tabs.fusion-tabs-1 .nav-tabs,.fusion-tabs.fusion-tabs-1 .tab-content .tab-pane{border-color:rgba(12,38,56,0);}<\/style><div class=\"nav\"><ul class=\"nav-tabs\" role=\"tablist\"><li class=\"active\" role=\"presentation\"><a class=\"tab-link\" data-toggle=\"tab\" role=\"tab\" aria-controls=\"tab-6441968a5365907bf95\" aria-selected=\"true\" id=\"fusion-tab-u14\" href=\"#tab-6441968a5365907bf95\"><h4 class=\"fusion-tab-heading\">U14<\/h4><\/a><\/li><li role=\"presentation\"><a class=\"tab-link\" data-toggle=\"tab\" role=\"tab\" aria-controls=\"tab-c3be2ba8967d2710ff0\" aria-selected=\"false\" tabindex=\"-1\" id=\"fusion-tab-u16\" href=\"#tab-c3be2ba8967d2710ff0\"><h4 class=\"fusion-tab-heading\">U16<\/h4><\/a><\/li><li role=\"presentation\"><a class=\"tab-link\" data-toggle=\"tab\" role=\"tab\" aria-controls=\"tab-dbf864e17096520ab51\" aria-selected=\"false\" tabindex=\"-1\" id=\"fusion-tab-u19\" href=\"#tab-dbf864e17096520ab51\"><h4 class=\"fusion-tab-heading\">U19<\/h4><\/a><\/li><\/ul><\/div><div class=\"tab-content\"><div class=\"nav fusion-mobile-tab-nav\"><ul class=\"nav-tabs\" role=\"tablist\"><li class=\"active\" role=\"presentation\"><a class=\"tab-link\" data-toggle=\"tab\" role=\"tab\" aria-controls=\"tab-6441968a5365907bf95\" aria-selected=\"true\" id=\"mobile-fusion-tab-u14\" href=\"#tab-6441968a5365907bf95\"><h4 class=\"fusion-tab-heading\">U14<\/h4><\/a><\/li><\/ul><\/div><div class=\"tab-pane fade fusion-clearfix in active\" role=\"tabpanel\" tabindex=\"0\" aria-labelledby=\"fusion-tab-u14\" id=\"tab-6441968a5365907bf95\">\n<h2 class=\"titre\"><span style=\"color: #f9dc02;\">U14 (<\/span><span style=\"color: #f9dc02;\">Jeunes de 12 et 13 ans)\u00a0<\/span><\/h2>\n<p><span class=\"wixGuard\" style=\"color: #f2f3f5;\">\u200bIls sont 20 joueurs et joueuses. D\u00e9butant(e)s ou confirm\u00e9(\u00e9)s, tout le monde y a sa place.<\/span><\/p>\n<p class=\"font_8\"><strong><span style=\"color: #f2f3f5;\">Les entra\u00eenements ont lieu :\u00a0<\/span><\/strong><\/p>\n<p><span style=\"color: #f2f3f5;\">\u00a0 \u00a0 \u00a0 \u00a0 \u00a0 &#8211; Le Mardi de 18h00 \u00e0 19h30 au stade des Cherpines\u200b<br \/>\n<\/span><span style=\"color: #f2f3f5;\">\u00a0 \u00a0 \u00a0 \u00a0 \u00a0 &#8211; Le Jeudi de 18h30 \u00e0 20h00 au stade des Cherpines\u200b<\/span><\/p>\n<p><strong><span style=\"color: #f2f3f5;\">D\u00e9roulement de la saison :\u00a0<\/span><\/strong><\/p>\n<p class=\"font_8\"><span style=\"color: #f2f3f5;\">L&rsquo;\u00e9quipe U14 des Chevaliers \u00e9volue dans le championnat genevois U14 au cours de la premi\u00e8re partie de saison.<\/span><\/p>\n<p class=\"font_8\"><span style=\"color: #f2f3f5;\">Dans une seconde partie, les U14 joueront dans des rencontres triangulaires\/quadrangulaires et dans une s\u00e9rie de quatre tournois r\u00e9gionaux, cette fois contre des \u00e9quipes d&rsquo;autres cantons.<\/span><\/p>\n<p><span style=\"color: #f2f3f5;\">Enfin, dans une derni\u00e8re partie qui se d\u00e9roulera en juin, une s\u00e9lection de tous les genevois U14 regroupant les meilleurs d\u2019entre eux. Ils affronteront durant deux week-ends les s\u00e9lections des autres r\u00e9gions.<\/span><\/p>\n<p class=\"font_8\"><span style=\"color: #f2f3f5;\"><strong>Responsable : <\/strong>Gilles Martino<\/span><\/p>\n<p class=\"font_8\"><span style=\"color: #f2f3f5;\"><strong>Les Coachs : <\/strong>Christian Von Arx,\u00a0Gilles Martino<\/span><\/p>\n<p class=\"font_8\"><span style=\"color: #f2f3f5;\"><strong>Pr\u00e9paration Physique :\u00a0<\/strong>Ali Nouri<\/span><\/p>\n<p class=\"font_8\"><span class=\"wixGuard\" style=\"color: #f2f3f5;\">\u200b<em>Retrouvez toutes les informations sur notre staff dans la page <a href=\"http:\/\/devme.ovh\/index.php\/contact\/\">contact<\/a><\/em><\/span><\/p>\n<\/div><div class=\"nav fusion-mobile-tab-nav\"><ul class=\"nav-tabs\" role=\"tablist\"><li role=\"presentation\"><a class=\"tab-link\" data-toggle=\"tab\" role=\"tab\" aria-controls=\"tab-c3be2ba8967d2710ff0\" aria-selected=\"false\" tabindex=\"-1\" id=\"mobile-fusion-tab-u16\" href=\"#tab-c3be2ba8967d2710ff0\"><h4 class=\"fusion-tab-heading\">U16<\/h4><\/a><\/li><\/ul><\/div><div class=\"tab-pane fade fusion-clearfix\" role=\"tabpanel\" tabindex=\"0\" aria-labelledby=\"fusion-tab-u16\" id=\"tab-c3be2ba8967d2710ff0\">\n<p class=\"font_8\">Les entra\u00eenements ont lieu<\/p>\n<ul class=\"font_8\">\n<li>\n<p class=\"font_8\">Le lundi de 18h30 \u00e0 20h00 au stade des Cherpines\u200b<\/p>\n<\/li>\n<li>\n<p class=\"font_8\">Le Jeudi de 18h30 \u00e0 20h00 au stade des Cherpines\u200b<\/p>\n<\/li>\n<\/ul>\n<p class=\"font_8\">Ligne de bus TPG 22 et 42. Arr\u00eat Les Bruy\u00e8res<\/p>\n<p class=\"font_8\"><span class=\"wixGuard\">\u200b<\/span><\/p>\n<p class=\"font_8\">Responsable<\/p>\n<p class=\"font_8\">Gilles Martino<\/p>\n<p class=\"font_8\">Les Coachs<\/p>\n<p class=\"font_8\">Christian Von Arx<\/p>\n<p class=\"font_8\">Gilles Martino<\/p>\n<p class=\"font_8\">Pr\u00e9paration Physique<\/p>\n<p class=\"font_8\">Ali Nouri<\/p>\n<p class=\"font_8\"><span class=\"wixGuard\">\u200b<\/span><\/p>\n<\/div><div class=\"nav fusion-mobile-tab-nav\"><ul class=\"nav-tabs\" role=\"tablist\"><li role=\"presentation\"><a class=\"tab-link\" data-toggle=\"tab\" role=\"tab\" aria-controls=\"tab-dbf864e17096520ab51\" aria-selected=\"false\" tabindex=\"-1\" id=\"mobile-fusion-tab-u19\" href=\"#tab-dbf864e17096520ab51\"><h4 class=\"fusion-tab-heading\">U19<\/h4><\/a><\/li><\/ul><\/div><div class=\"tab-pane fade fusion-clearfix\" role=\"tabpanel\" tabindex=\"0\" aria-labelledby=\"fusion-tab-u19\" id=\"tab-dbf864e17096520ab51\">\n<p class=\"font_8\">Les entra\u00eenements ont lieu<\/p>\n<ul class=\"font_8\">\n<li>\n<p class=\"font_8\">Le lundi de 18h30 \u00e0 20h00 au stade des Cherpines\u200b<\/p>\n<\/li>\n<li>\n<p class=\"font_8\">Le Jeudi de 18h30 \u00e0 20h00 au stade des Cherpines\u200b<\/p>\n<\/li>\n<\/ul>\n<p class=\"font_8\">Ligne de bus TPG 22 et 42. Arr\u00eat Les Bruy\u00e8res<\/p>\n<p class=\"font_8\"><span class=\"wixGuard\">\u200b<\/span><\/p>\n<p class=\"font_8\">Responsable<\/p>\n<p class=\"font_8\">Gilles Martino<\/p>\n<p class=\"font_8\">Les Coachs<\/p>\n<p class=\"font_8\">Christian Von Arx<\/p>\n<p class=\"font_8\">Gilles Martino<\/p>\n<p class=\"font_8\">Pr\u00e9paration Physique<\/p>\n<p class=\"font_8\">Ali Nouri<\/p>\n<p class=\"font_8\"><span class=\"wixGuard\">\u200b<\/span><\/p>\n<\/div><\/div><\/div><\/div><style type=\"text\/css\">.fusion-body .fusion-builder-column-4{width:100% !important;margin-top : 0px;margin-bottom : 20px;}.fusion-builder-column-4 > .fusion-column-wrapper {padding-top : 0px !important;padding-right : 0px !important;margin-right : 1.92%;padding-bottom : 0px !important;padding-left : 0px !important;margin-left : 1.92%;}@media only screen and (max-width:1024px) {.fusion-body .fusion-builder-column-4{width:100% !important;order : 0;}.fusion-builder-column-4 > .fusion-column-wrapper {margin-right : 1.92%;margin-left : 1.92%;}}@media only screen and (max-width:640px) {.fusion-body .fusion-builder-column-4{width:100% !important;order : 0;}.fusion-builder-column-4 > .fusion-column-wrapper {margin-right : 1.92%;margin-left : 1.92%;}}<\/style><\/div><\/div><style type=\"text\/css\">.fusion-body .fusion-flex-container.fusion-builder-row-5{ padding-top : 0px;margin-top : 0px;padding-right : 0px;padding-bottom : 0px;margin-bottom : 0px;padding-left : 0px;}<\/style><\/div><\/p>\n","protected":false},"excerpt":{"rendered":"","protected":false},"author":1,"featured_media":0,"parent":0,"menu_order":0,"comment_status":"closed","ping_status":"closed","template":"100-width.php","meta":[],"_links":{"self":[{"href":"https:\/\/devme.ovh\/index.php\/wp-json\/wp\/v2\/pages\/1162"}],"collection":[{"href":"https:\/\/devme.ovh\/index.php\/wp-json\/wp\/v2\/pages"}],"about":[{"href":"https:\/\/devme.ovh\/index.php\/wp-json\/wp\/v2\/types\/page"}],"author":[{"embeddable":true,"href":"https:\/\/devme.ovh\/index.php\/wp-json\/wp\/v2\/users\/1"}],"replies":[{"embeddable":true,"href":"https:\/\/devme.ovh\/index.php\/wp-json\/wp\/v2\/comments?post=1162"}],"version-history":[{"count":26,"href":"https:\/\/devme.ovh\/index.php\/wp-json\/wp\/v2\/pages\/1162\/revisions"}],"predecessor-version":[{"id":1360,"href":"https:\/\/devme.ovh\/index.php\/wp-json\/wp\/v2\/pages\/1162\/revisions\/1360"}],"wp:attachment":[{"href":"https:\/\/devme.ovh\/index.php\/wp-json\/wp\/v2\/media?parent=1162"}],"curies":[{"name":"wp","href":"https:\/\/api.w.org\/{rel}","templated":true}]}}