{"id":1291,"date":"2022-02-04T22:03:49","date_gmt":"2022-02-04T21:03:49","guid":{"rendered":"http:\/\/devme.ovh\/?page_id=1291"},"modified":"2022-02-04T23:45:22","modified_gmt":"2022-02-04T22:45:22","slug":"enfants","status":"publish","type":"page","link":"https:\/\/devme.ovh\/index.php\/enfants\/","title":{"rendered":"ENFANTS"},"content":{"rendered":"<p><div class=\"fusion-fullwidth fullwidth-box fusion-builder-row-1 fusion-flex-container fusion-parallax-none nonhundred-percent-fullwidth non-hundred-percent-height-scrolling\" style=\"background-color: var(--awb-custom_color_3);background-image: url(&quot;http:\/\/devme.ovh\/wp-content\/uploads\/2022\/01\/bg_trio.png&quot;);background-position: center center;background-repeat: no-repeat;border-width: 0px 0px 0px 0px;border-color:var(--awb-color3);border-style:solid;-webkit-background-size:cover;-moz-background-size:cover;-o-background-size:cover;background-size:cover;\" ><div class=\"fusion-builder-row fusion-row fusion-flex-align-items-flex-start\" style=\"max-width:1248px;margin-left: calc(-4% \/ 2 );margin-right: calc(-4% \/ 2 );\"><div class=\"fusion-layout-column fusion_builder_column fusion-builder-column-0 fusion_builder_column_1_1 1_1 fusion-flex-column\"><div class=\"fusion-column-wrapper fusion-flex-justify-content-flex-start fusion-content-layout-column\" style=\"background-position:left top;background-repeat:no-repeat;-webkit-background-size:cover;-moz-background-size:cover;-o-background-size:cover;background-size:cover;padding: 69px 0px 92px 0px;\"><style type=\"text\/css\">@media only screen and (max-width:1024px) {.fusion-title.fusion-title-1{margin-top:10px!important; margin-right:0px!important;margin-bottom:15px!important;margin-left:0px!important;}}@media only screen and (max-width:640px) {.fusion-title.fusion-title-1{margin-top:10px!important; margin-right:0px!important;margin-bottom:10px!important; margin-left:0px!important;}}<\/style><div class=\"fusion-title title fusion-title-1 fusion-sep-none fusion-title-center fusion-title-text fusion-title-size-one\" style=\"margin-top:10px;margin-right:0px;margin-bottom:15px;margin-left:0px;\"><h1 class=\"title-heading-center\" style=\"margin:0;\"><h2>RUGBY CLUB<\/h2>\n<h2 class=\"font_2\"><a>GEN\u00c8VE-PLAN-LES-OUATES<\/a><\/h2><\/h1><\/div><div class=\"fusion-text fusion-text-1\"><p style=\"text-align: center;\"><span style=\"color: #999999;\">Je suis un Chevalier de Gen\u00e8ve PLAN-LES-OUATES, je suis le club de GEPLO, je porte et je d\u00e9fends ses valeurs !<\/span><\/p>\n<\/div><div style=\"text-align:center;\"><style>.fusion-button.button-1 .fusion-button-text,.fusion-button.button-1 i{color:rgba(255,255,255,0.7);}.fusion-button.button-1{border-color:rgba(255,255,255,0.7);border-width:1px 1px 1px 1px;border-radius:4px 4px 4px 4px;background:rgba(238,96,89,0);}.fusion-button.button-1:hover .fusion-button-text,.fusion-button.button-1:hover i,.fusion-button.button-1:focus .fusion-button-text,.fusion-button.button-1:focus i,.fusion-button.button-1:active .fusion-button-text,.fusion-button.button-1:active i{color:var(--awb-color1);}.fusion-button.button-1:hover,.fusion-button.button-1:active,.fusion-button.button-1:focus{border-color:var(--awb-color1);border-width:1px 1px 1px 1px;background:rgba(224,90,83,0);}<\/style><a class=\"fusion-button button-flat fusion-button-default-size button-custom button-1 fusion-button-span-no fusion-button-default-type\" target=\"_self\" href=\"http:\/\/devme.ovh\/membership\/\"><span class=\"fusion-button-text\">Rejoins Nous !<\/span><\/a><\/div><\/div><style type=\"text\/css\">.fusion-body .fusion-builder-column-0{width:100% !important;margin-top : 81px;margin-bottom : 0px;}.fusion-builder-column-0 > .fusion-column-wrapper {padding-top : 69px !important;padding-right : 0px !important;margin-right : 0%;padding-bottom : 92px !important;padding-left : 0px !important;margin-left : 0%;}@media only screen and (max-width:1024px) {.fusion-body .fusion-builder-column-0{width:100% !important;order : 0;}.fusion-builder-column-0 > .fusion-column-wrapper {margin-right : 0%;margin-left : 0%;}}@media only screen and (max-width:640px) {.fusion-body .fusion-builder-column-0{width:100% !important;order : 0;}.fusion-builder-column-0 > .fusion-column-wrapper {margin-right : 1.92%;margin-left : 1.92%;}}<\/style><\/div><\/div><style type=\"text\/css\">.fusion-body .fusion-flex-container.fusion-builder-row-1{ padding-top : 180px;margin-top : 0px;padding-right : 0px;padding-bottom : 60px;margin-bottom : 0px;padding-left : 0px;}@media only screen and (max-width:1024px) {.fusion-body .fusion-flex-container.fusion-builder-row-1{ padding-bottom : 79px;margin-bottom : 0px;}}@media only screen and (max-width:640px) {.fusion-body .fusion-flex-container.fusion-builder-row-1{ padding-bottom : 412px;margin-bottom : 2px;padding-left : 0px;}}<\/style><\/div><div class=\"fusion-fullwidth fullwidth-box fusion-builder-row-2 fusion-flex-container nonhundred-percent-fullwidth non-hundred-percent-height-scrolling\" style=\"background-color: var(--awb-color3);background-position: center center;background-repeat: no-repeat;border-width: 0px 0px 0px 0px;border-color:var(--awb-color3);border-style:solid;\" ><div class=\"fusion-builder-row fusion-row fusion-flex-align-items-flex-start\" style=\"max-width:1248px;margin-left: calc(-4% \/ 2 );margin-right: calc(-4% \/ 2 );\"><div class=\"fusion-layout-column fusion_builder_column fusion-builder-column-1 fusion_builder_column_1_1 1_1 fusion-flex-column\"><div class=\"fusion-column-wrapper fusion-flex-justify-content-flex-start fusion-content-layout-column\" style=\"background-position:left top;background-repeat:no-repeat;-webkit-background-size:cover;-moz-background-size:cover;-o-background-size:cover;background-size:cover;padding: 0px 0px 0px 0px;\"><div class=\"fusion-text fusion-text-2 fusion-animated\" style=\"margin-top:50px;\" data-animationType=\"fadeInDown\" data-animationDuration=\"0.3\" data-animationOffset=\"top-into-view\"><h2 style=\"text-align: center;\"><span style=\"color: #000000;\">LES CHEVALIER &#8211; ENFANTS<\/span><\/h2>\n<\/div><div class=\"fusion-text fusion-text-3\"><p class=\"font_5\" style=\"text-align: center; \"><span style=\"color: rgb(0, 0, 0); font-size: 16px;\" data-fusion-font=\"true\">Si vous souhaitez inscrire votre enfant, sachez que Le Rugby Club Gen\u00e8ve Plan-les-Ouates vous disposez de 3 s\u00e9ances d&rsquo;essais gratuits. A la suite des quelles, vous pouvez d\u00e9cidez d&rsquo;inscrire ou non votre enfant.<\/span><\/p>\n<\/div><div style=\"text-align:center;\"><style>.fusion-button.button-2.button-3d,.fusion-button.button-2.button-3d:hover{box-shadow:inset 0 1px 0 #fff, 0 0.15em 0 rgba(242,243,245,0), 0.1em 0.2em 0.2em 0.15em rgba(0, 0, 0, 0.3);}.fusion-button.button-2.button-3d:active,.fusion-button.button-2.button-3d:hover:active{box-shadow:inset 0 1px 0 #fff, 0 1px 0 rgba(242,243,245,0), 0.05em 0.1em 0.1em 0.07em rgba(0, 0, 0, 0.3);}.fusion-button.button-2 .fusion-button-text,.fusion-button.button-2 i{color:var(--awb-custom_color_1);}.fusion-button.button-2{border-color:var(--awb-color1);border-radius:4px 4px 4px 4px;background:var(--awb-color4);}.fusion-button.button-2:hover .fusion-button-text,.fusion-button.button-2:hover i,.fusion-button.button-2:focus .fusion-button-text,.fusion-button.button-2:focus i,.fusion-button.button-2:active .fusion-button-text,.fusion-button.button-2:active i{color:var(--awb-custom_color_3);}.fusion-button.button-2:hover,.fusion-button.button-2:active,.fusion-button.button-2:focus{border-color:var(--awb-custom_color_3);background:hsla(var(--awb-color4-h),calc(var(--awb-color4-s) - 5%),calc(var(--awb-color4-l) - 10%),var(--awb-color4-a));}<\/style><a class=\"fusion-button button-3d fusion-button-default-size button-custom button-2 fusion-button-span-no \" target=\"_self\" href=\"Inscrire Mon Enfant !\"><span class=\"fusion-button-text\">Inscrire Mon Enfant !<\/span><\/a><\/div><div class=\"fusion-separator fusion-full-width-sep\" style=\"align-self: flex-start;margin-right:auto;margin-top:40px;width:100%;\"><div class=\"fusion-separator-border sep-double\" style=\"border-color:var(--awb-color3);border-top-width:1px;border-bottom-width:1px;\"><\/div><\/div><div class=\"fusion-tabs fusion-tabs-1 clean tab-link horizontal-tabs icon-position-left\"><style type=\"text\/css\">#wrapper .fusion-tabs.fusion-tabs-1.clean .nav-tabs li a.tab-link{border-color:rgba(12,38,56,0);}.fusion-tabs.fusion-tabs-1 .nav-tabs li a.tab-link{background-color:var(--awb-custom_color_1);}.fusion-tabs.fusion-tabs-1 .nav-tabs li.active a.tab-link,.fusion-tabs.fusion-tabs-1 .nav-tabs li.active a.tab-link:hover,.fusion-tabs.fusion-tabs-1 .nav-tabs li.active a.tab-link:focus{background-color:var(--awb-custom_color_3);}.fusion-tabs.fusion-tabs-1 .nav-tabs li a:hover{background-color:var(--awb-custom_color_3);border-top-color:var(--awb-custom_color_3);}.fusion-tabs.fusion-tabs-1 .tab-pane{background-color:var(--awb-custom_color_3);}.fusion-tabs.fusion-tabs-1 .nav,.fusion-tabs.fusion-tabs-1 .nav-tabs,.fusion-tabs.fusion-tabs-1 .tab-content .tab-pane{border-color:rgba(12,38,56,0);}<\/style><div class=\"nav\"><ul class=\"nav-tabs nav-justified\" role=\"tablist\"><li class=\"active\" role=\"presentation\"><a class=\"tab-link\" data-toggle=\"tab\" role=\"tab\" aria-controls=\"tab-6d5647e9789f91df0a4\" aria-selected=\"true\" id=\"fusion-tab-u06\" href=\"#tab-6d5647e9789f91df0a4\"><h4 class=\"fusion-tab-heading\">U06<\/h4><\/a><\/li><li role=\"presentation\"><a class=\"tab-link\" data-toggle=\"tab\" role=\"tab\" aria-controls=\"tab-b88d3c2ab1d38e0c8a3\" aria-selected=\"false\" tabindex=\"-1\" id=\"fusion-tab-u08\" href=\"#tab-b88d3c2ab1d38e0c8a3\"><h4 class=\"fusion-tab-heading\">U08<\/h4><\/a><\/li><li role=\"presentation\"><a class=\"tab-link\" data-toggle=\"tab\" role=\"tab\" aria-controls=\"tab-2035b2067555966f4c6\" aria-selected=\"false\" tabindex=\"-1\" id=\"fusion-tab-u10\" href=\"#tab-2035b2067555966f4c6\"><h4 class=\"fusion-tab-heading\">U10<\/h4><\/a><\/li><li role=\"presentation\"><a class=\"tab-link\" data-toggle=\"tab\" role=\"tab\" aria-controls=\"tab-8535bbb5b0bc39966c2\" aria-selected=\"false\" tabindex=\"-1\" id=\"fusion-tab-u12\" href=\"#tab-8535bbb5b0bc39966c2\"><h4 class=\"fusion-tab-heading\">U12<\/h4><\/a><\/li><\/ul><\/div><div class=\"tab-content\"><div class=\"nav fusion-mobile-tab-nav\"><ul class=\"nav-tabs nav-justified\" role=\"tablist\"><li class=\"active\" role=\"presentation\"><a class=\"tab-link\" data-toggle=\"tab\" role=\"tab\" aria-controls=\"tab-6d5647e9789f91df0a4\" aria-selected=\"true\" id=\"mobile-fusion-tab-u06\" href=\"#tab-6d5647e9789f91df0a4\"><h4 class=\"fusion-tab-heading\">U06<\/h4><\/a><\/li><\/ul><\/div><div class=\"tab-pane fade fusion-clearfix in active\" role=\"tabpanel\" tabindex=\"0\" aria-labelledby=\"fusion-tab-u06\" id=\"tab-6d5647e9789f91df0a4\">\n<p class=\"font_8\"><strong>Les entra\u00eenements ont lieu<\/strong><\/p>\n<ul class=\"font_8\">\n<li>\n<p class=\"font_8\">Le lundi de 18h30 \u00e0 20h00 au stade des Cherpines\u200b<\/p>\n<\/li>\n<li>\n<p class=\"font_8\">Le Jeudi de 18h30 \u00e0 20h00 au stade des Cherpines\u200b<\/p>\n<\/li>\n<\/ul>\n<p class=\"font_8\">Ligne de bus TPG 22 et 42. Arr\u00eat Les Bruy\u00e8res<\/p>\n<p class=\"font_8\"><span class=\"wixGuard\">\u200b<\/span><\/p>\n<p class=\"font_8\"><strong>Responsable<\/strong><\/p>\n<p class=\"font_8\">Gilles Martino<\/p>\n<p class=\"font_8\"><strong>Les Coachs<\/strong><\/p>\n<p class=\"font_8\">Christian Von Arx<\/p>\n<p class=\"font_8\">Gilles Martino<\/p>\n<p class=\"font_8\"><strong>Pr\u00e9paration Physique<\/strong><\/p>\n<p class=\"font_8\">Ali Nouri<\/p>\n<p class=\"font_8\"><span class=\"wixGuard\">\u200b<\/span><\/p>\n<\/div><div class=\"nav fusion-mobile-tab-nav\"><ul class=\"nav-tabs nav-justified\" role=\"tablist\"><li role=\"presentation\"><a class=\"tab-link\" data-toggle=\"tab\" role=\"tab\" aria-controls=\"tab-b88d3c2ab1d38e0c8a3\" aria-selected=\"false\" tabindex=\"-1\" id=\"mobile-fusion-tab-u08\" href=\"#tab-b88d3c2ab1d38e0c8a3\"><h4 class=\"fusion-tab-heading\">U08<\/h4><\/a><\/li><\/ul><\/div><div class=\"tab-pane fade fusion-clearfix\" role=\"tabpanel\" tabindex=\"0\" aria-labelledby=\"fusion-tab-u08\" id=\"tab-b88d3c2ab1d38e0c8a3\">\n<p class=\"font_8\">Les entra\u00eenements ont lieu<\/p>\n<ul class=\"font_8\">\n<li>\n<p class=\"font_8\">Le lundi de 18h30 \u00e0 20h00 au stade des Cherpines\u200b<\/p>\n<\/li>\n<li>\n<p class=\"font_8\">Le Jeudi de 18h30 \u00e0 20h00 au stade des Cherpines\u200b<\/p>\n<\/li>\n<\/ul>\n<p class=\"font_8\">Ligne de bus TPG 22 et 42. Arr\u00eat Les Bruy\u00e8res<\/p>\n<p class=\"font_8\"><span class=\"wixGuard\">\u200b<\/span><\/p>\n<p class=\"font_8\">Responsable<\/p>\n<p class=\"font_8\">Gilles Martino<\/p>\n<p class=\"font_8\">Les Coachs<\/p>\n<p class=\"font_8\">Christian Von Arx<\/p>\n<p class=\"font_8\">Gilles Martino<\/p>\n<p class=\"font_8\">Pr\u00e9paration Physique<\/p>\n<p class=\"font_8\">Ali Nouri<\/p>\n<p class=\"font_8\"><span class=\"wixGuard\">\u200b<\/span><\/p>\n<\/div><div class=\"nav fusion-mobile-tab-nav\"><ul class=\"nav-tabs nav-justified\" role=\"tablist\"><li role=\"presentation\"><a class=\"tab-link\" data-toggle=\"tab\" role=\"tab\" aria-controls=\"tab-2035b2067555966f4c6\" aria-selected=\"false\" tabindex=\"-1\" id=\"mobile-fusion-tab-u10\" href=\"#tab-2035b2067555966f4c6\"><h4 class=\"fusion-tab-heading\">U10<\/h4><\/a><\/li><\/ul><\/div><div class=\"tab-pane fade fusion-clearfix\" role=\"tabpanel\" tabindex=\"0\" aria-labelledby=\"fusion-tab-u10\" id=\"tab-2035b2067555966f4c6\">\n<p class=\"font_8\">Les entra\u00eenements ont lieu<\/p>\n<ul class=\"font_8\">\n<li>\n<p class=\"font_8\">Le lundi de 18h30 \u00e0 20h00 au stade des Cherpines\u200b<\/p>\n<\/li>\n<li>\n<p class=\"font_8\">Le Jeudi de 18h30 \u00e0 20h00 au stade des Cherpines\u200b<\/p>\n<\/li>\n<\/ul>\n<p class=\"font_8\">Ligne de bus TPG 22 et 42. Arr\u00eat Les Bruy\u00e8res<\/p>\n<p class=\"font_8\"><span class=\"wixGuard\">\u200b<\/span><\/p>\n<p class=\"font_8\">Responsable<\/p>\n<p class=\"font_8\">Gilles Martino<\/p>\n<p class=\"font_8\">Les Coachs<\/p>\n<p class=\"font_8\">Christian Von Arx<\/p>\n<p class=\"font_8\">Gilles Martino<\/p>\n<p class=\"font_8\">Pr\u00e9paration Physique<\/p>\n<p class=\"font_8\">Ali Nouri<\/p>\n<p class=\"font_8\"><span class=\"wixGuard\">\u200b<\/span><\/p>\n<\/div><div class=\"nav fusion-mobile-tab-nav\"><ul class=\"nav-tabs nav-justified\" role=\"tablist\"><li role=\"presentation\"><a class=\"tab-link\" data-toggle=\"tab\" role=\"tab\" aria-controls=\"tab-8535bbb5b0bc39966c2\" aria-selected=\"false\" tabindex=\"-1\" id=\"mobile-fusion-tab-u12\" href=\"#tab-8535bbb5b0bc39966c2\"><h4 class=\"fusion-tab-heading\">U12<\/h4><\/a><\/li><\/ul><\/div><div class=\"tab-pane fade fusion-clearfix\" role=\"tabpanel\" tabindex=\"0\" aria-labelledby=\"fusion-tab-u12\" id=\"tab-8535bbb5b0bc39966c2\">\n<p class=\"font_8\">Les entra\u00eenements ont lieu<\/p>\n<ul class=\"font_8\">\n<li>\n<p class=\"font_8\">Le lundi de 18h30 \u00e0 20h00 au stade des Cherpines\u200b<\/p>\n<\/li>\n<li>\n<p class=\"font_8\">Le Jeudi de 18h30 \u00e0 20h00 au stade des Cherpines\u200b<\/p>\n<\/li>\n<\/ul>\n<p class=\"font_8\">Ligne de bus TPG 22 et 42. Arr\u00eat Les Bruy\u00e8res<\/p>\n<p class=\"font_8\"><span class=\"wixGuard\">\u200b<\/span><\/p>\n<p class=\"font_8\">Responsable<\/p>\n<p class=\"font_8\">Gilles Martino<\/p>\n<p class=\"font_8\">Les Coachs<\/p>\n<p class=\"font_8\">Christian Von Arx<\/p>\n<p class=\"font_8\">Gilles Martino<\/p>\n<p class=\"font_8\">Pr\u00e9paration Physique<\/p>\n<p class=\"font_8\">Ali Nouri<\/p>\n<p class=\"font_8\"><span class=\"wixGuard\">\u200b<\/span><\/p>\n<\/div><\/div><\/div><\/div><style type=\"text\/css\">.fusion-body .fusion-builder-column-1{width:100% !important;margin-top : 0px;margin-bottom : 20px;}.fusion-builder-column-1 > .fusion-column-wrapper {padding-top : 0px !important;padding-right : 0px !important;margin-right : 1.92%;padding-bottom : 0px !important;padding-left : 0px !important;margin-left : 1.92%;}@media only screen and (max-width:1024px) {.fusion-body .fusion-builder-column-1{width:100% !important;order : 0;}.fusion-builder-column-1 > .fusion-column-wrapper {margin-right : 1.92%;margin-left : 1.92%;}}@media only screen and (max-width:640px) {.fusion-body .fusion-builder-column-1{width:100% !important;order : 0;}.fusion-builder-column-1 > .fusion-column-wrapper {margin-right : 1.92%;margin-left : 1.92%;}}<\/style><\/div><\/div><style type=\"text\/css\">.fusion-body .fusion-flex-container.fusion-builder-row-2{ padding-top : 0px;margin-top : 0px;padding-right : 0px;padding-bottom : 0px;margin-bottom : 0px;padding-left : 0px;}<\/style><\/div><\/p>\n","protected":false},"excerpt":{"rendered":"","protected":false},"author":1,"featured_media":0,"parent":0,"menu_order":0,"comment_status":"closed","ping_status":"closed","template":"100-width.php","meta":[],"_links":{"self":[{"href":"https:\/\/devme.ovh\/index.php\/wp-json\/wp\/v2\/pages\/1291"}],"collection":[{"href":"https:\/\/devme.ovh\/index.php\/wp-json\/wp\/v2\/pages"}],"about":[{"href":"https:\/\/devme.ovh\/index.php\/wp-json\/wp\/v2\/types\/page"}],"author":[{"embeddable":true,"href":"https:\/\/devme.ovh\/index.php\/wp-json\/wp\/v2\/users\/1"}],"replies":[{"embeddable":true,"href":"https:\/\/devme.ovh\/index.php\/wp-json\/wp\/v2\/comments?post=1291"}],"version-history":[{"count":16,"href":"https:\/\/devme.ovh\/index.php\/wp-json\/wp\/v2\/pages\/1291\/revisions"}],"predecessor-version":[{"id":1359,"href":"https:\/\/devme.ovh\/index.php\/wp-json\/wp\/v2\/pages\/1291\/revisions\/1359"}],"wp:attachment":[{"href":"https:\/\/devme.ovh\/index.php\/wp-json\/wp\/v2\/media?parent=1291"}],"curies":[{"name":"wp","href":"https:\/\/api.w.org\/{rel}","templated":true}]}}