{"id":1515,"date":"2022-02-06T17:04:02","date_gmt":"2022-02-06T16:04:02","guid":{"rendered":"http:\/\/devme.ovh\/?page_id=1515"},"modified":"2022-02-06T17:08:08","modified_gmt":"2022-02-06T16:08:08","slug":"inscription","status":"publish","type":"page","link":"https:\/\/devme.ovh\/index.php\/inscription\/","title":{"rendered":"INSCRIPTION"},"content":{"rendered":"<p><div class=\"fusion-fullwidth fullwidth-box fusion-builder-row-1 fusion-flex-container fusion-parallax-none nonhundred-percent-fullwidth non-hundred-percent-height-scrolling\" style=\"background-color: var(--awb-custom_color_3);background-image: url(&quot;http:\/\/devme.ovh\/wp-content\/uploads\/2022\/01\/cherpines.jpg&quot;);background-position: center center;background-repeat: no-repeat;border-width: 0px 0px 0px 0px;border-color:var(--awb-color3);border-style:solid;-webkit-background-size:cover;-moz-background-size:cover;-o-background-size:cover;background-size:cover;\" ><div class=\"fusion-builder-row fusion-row fusion-flex-align-items-flex-start\" style=\"max-width:1248px;margin-left: calc(-4% \/ 2 );margin-right: calc(-4% \/ 2 );\"><div class=\"fusion-layout-column fusion_builder_column fusion-builder-column-0 fusion_builder_column_1_1 1_1 fusion-flex-column fusion-flex-align-self-flex-end\"><div class=\"fusion-column-wrapper fusion-flex-justify-content-flex-start fusion-content-layout-column\" style=\"background-position:left top;background-repeat:no-repeat;-webkit-background-size:cover;-moz-background-size:cover;-o-background-size:cover;background-size:cover;padding: 50px 0px 0px 0px;\"><style type=\"text\/css\">@media only screen and (max-width:1024px) {.fusion-title.fusion-title-1{margin-top:10px!important; margin-right:0px!important;margin-bottom:15px!important;margin-left:0px!important;}}@media only screen and (max-width:640px) {.fusion-title.fusion-title-1{margin-top:10px!important; margin-right:0px!important;margin-bottom:10px!important; margin-left:0px!important;}}<\/style><div class=\"fusion-title title fusion-title-1 fusion-sep-none fusion-title-center fusion-title-text fusion-title-size-one\" style=\"margin-top:10px;margin-right:0px;margin-bottom:15px;margin-left:0px;\"><h1 class=\"title-heading-center\" style=\"margin:0;\"><h2>INSCRIPTION<\/h2><\/h1><\/div><\/div><style type=\"text\/css\">.fusion-body .fusion-builder-column-0{width:100% !important;margin-top : 150px;margin-bottom : 0px;}.fusion-builder-column-0 > .fusion-column-wrapper {padding-top : 50px !important;padding-right : 0px !important;margin-right : 0%;padding-bottom : 0px !important;padding-left : 0px !important;margin-left : 0%;}@media only screen and (max-width:1024px) {.fusion-body .fusion-builder-column-0{width:100% !important;order : 0;}.fusion-builder-column-0 > .fusion-column-wrapper {margin-right : 0%;margin-left : 0%;}}@media only screen and (max-width:640px) {.fusion-body .fusion-builder-column-0{width:100% !important;order : 0;}.fusion-builder-column-0 > .fusion-column-wrapper {margin-right : 1.92%;margin-left : 1.92%;}}<\/style><\/div><\/div><style type=\"text\/css\">.fusion-body .fusion-flex-container.fusion-builder-row-1{ padding-top : 180px;margin-top : 0px;padding-right : 0px;padding-bottom : 60px;margin-bottom : 0px;padding-left : 0px;}@media only screen and (max-width:1024px) {.fusion-body .fusion-flex-container.fusion-builder-row-1{ padding-bottom : 79px;margin-bottom : 0px;}}@media only screen and (max-width:640px) {.fusion-body .fusion-flex-container.fusion-builder-row-1{ padding-bottom : 412px;margin-bottom : 2px;padding-left : 0px;}}<\/style><\/div><div class=\"fusion-fullwidth fullwidth-box fusion-builder-row-2 fusion-flex-container nonhundred-percent-fullwidth non-hundred-percent-height-scrolling\" style=\"background-color: var(--awb-color3);background-position: center center;background-repeat: no-repeat;border-width: 0px 0px 0px 0px;border-color:var(--awb-color3);border-style:solid;\" ><div class=\"fusion-builder-row fusion-row fusion-flex-align-items-flex-start\" style=\"max-width:1248px;margin-left: calc(-4% \/ 2 );margin-right: calc(-4% \/ 2 );\"><div class=\"fusion-layout-column fusion_builder_column fusion-builder-column-1 fusion_builder_column_1_1 1_1 fusion-flex-column\"><div class=\"fusion-column-wrapper fusion-flex-justify-content-flex-start fusion-content-layout-column\" style=\"background-position:left top;background-repeat:no-repeat;-webkit-background-size:cover;-moz-background-size:cover;-o-background-size:cover;background-size:cover;padding: 0px 0px 0px 0px;\"><style type=\"text\/css\">@media only screen and (max-width:1024px) {.fusion-title.fusion-title-2{margin-top:50px!important; margin-right:0px!important;margin-bottom:15px!important;margin-left:0px!important;}}@media only screen and (max-width:640px) {.fusion-title.fusion-title-2{margin-top:10px!important; margin-right:0px!important;margin-bottom:10px!important; margin-left:0px!important;}}<\/style><div class=\"fusion-title title fusion-title-2 fusion-sep-none fusion-title-text fusion-title-size-three\" style=\"margin-top:50px;margin-right:0px;margin-bottom:15px;margin-left:0px;\"><h3 class=\"title-heading-left\" style=\"margin:0;color:var(--awb-custom_color_2);\">FORMULAIRE D&rsquo;INSCRIPTION<\/h3><\/div><div class=\"fusion-text fusion-text-1\"><p>Si vous \u00eates int\u00e9ress\u00e9 par rejoindre Le Rugby Club Gen\u00e8ve Plan-Les-Ouates, contactez nous sans plus attendre \u00e0 l&rsquo;aide du formulaire ci-dessous.<\/p>\n<p>Notre \u00e9quipe reprendra contact avec vous directement pour faire connaissance et finaliser l&rsquo;inscription.<\/p>\n<\/div><\/div><style type=\"text\/css\">.fusion-body .fusion-builder-column-1{width:100% !important;margin-top : 0px;margin-bottom : 20px;}.fusion-builder-column-1 > .fusion-column-wrapper {padding-top : 0px !important;padding-right : 0px !important;margin-right : 1.92%;padding-bottom : 0px !important;padding-left : 0px !important;margin-left : 1.92%;}@media only screen and (max-width:1024px) {.fusion-body .fusion-builder-column-1{width:100% !important;order : 0;}.fusion-builder-column-1 > .fusion-column-wrapper {margin-right : 1.92%;margin-left : 1.92%;}}@media only screen and (max-width:640px) {.fusion-body .fusion-builder-column-1{width:100% !important;order : 0;}.fusion-builder-column-1 > .fusion-column-wrapper {margin-right : 1.92%;margin-left : 1.92%;}}<\/style><\/div><\/div><style type=\"text\/css\">.fusion-body .fusion-flex-container.fusion-builder-row-2{ padding-top : 0px;margin-top : 0px;padding-right : 0px;padding-bottom : 0px;margin-bottom : 0px;padding-left : 0px;}<\/style><\/div><div class=\"fusion-fullwidth fullwidth-box fusion-builder-row-3 fusion-flex-container nonhundred-percent-fullwidth non-hundred-percent-height-scrolling fusion-no-small-visibility fusion-no-medium-visibility\" style=\"background-color: var(--awb-color3);background-position: left top;background-repeat: no-repeat;border-width: 0px 0px 0px 0px;border-color:var(--awb-color3);border-style:solid;\" ><div class=\"fusion-builder-row fusion-row fusion-flex-align-items-flex-start\" style=\"max-width:1248px;margin-left: calc(-4% \/ 2 );margin-right: calc(-4% \/ 2 );\"><div class=\"fusion-layout-column fusion_builder_column fusion-builder-column-2 fusion_builder_column_1_1 1_1 fusion-flex-column\"><div class=\"fusion-column-wrapper fusion-flex-justify-content-flex-start fusion-content-layout-column\" style=\"background-position:left top;background-blend-mode: overlay;background-repeat:no-repeat;-webkit-background-size:cover;-moz-background-size:cover;-o-background-size:cover;background-size:cover;padding: 0px 0px 0px 0px;\"><style>.fusion-form-form-wrapper .fusion-form-1512 .fusion-form-tooltip .fusion-form-tooltip-content{color:rgba(0,0,0,0) !important;background-color:rgba(255,255,255,0) !important;border-color:rgba(255,255,255,0) !important;}.fusion-form-form-wrapper .fusion-form-1512 input[type=\"date\"],.fusion-form-form-wrapper .fusion-form-1512 input[type=\"datetime-local\"],.fusion-form-form-wrapper .fusion-form-1512 input[type=\"email\"],.fusion-form-form-wrapper .fusion-form-1512 input[type=\"month\"],.fusion-form-form-wrapper .fusion-form-1512 input[type=\"number\"],.fusion-form-form-wrapper .fusion-form-1512 input[type=\"password\"],.fusion-form-form-wrapper .fusion-form-1512 input[type=\"search\"],.fusion-form-form-wrapper .fusion-form-1512 input[type=\"tel\"],.fusion-form-form-wrapper .fusion-form-1512 input[type=\"phone-number\"],.fusion-form-form-wrapper .fusion-form-1512 input[type=\"text\"],.fusion-form-form-wrapper .fusion-form-1512 input[type=\"time\"],.fusion-form-form-wrapper .fusion-form-1512 input[type=\"url\"],.fusion-form-form-wrapper .fusion-form-1512 input[type=\"week\"],.fusion-form-form-wrapper .fusion-form-1512 input[type=\"datetime\"],.fusion-form-form-wrapper .fusion-form-1512 select,.fusion-form-form-wrapper .fusion-form-1512 textarea,.fusion-form-form-wrapper .fusion-form-1512 input[type=\"upload\"]{background-color:rgba(2,3,5,0);color:var(--awb-custom_color_2);border-color:var(--awb-custom_color_2);}.fusion-form-form-wrapper .fusion-form-1512 input::placeholder{color:rgba(12,38,56,0.5);}.fusion-form-form-wrapper .fusion-form-1512 textarea::placeholder{color:rgba(12,38,56,0.5);}.fusion-form-form-wrapper .fusion-form-1512 select:invalid{color:rgba(12,38,56,0.5);}.fusion-form-form-wrapper .fusion-form-1512 .fusion-form-input-with-icon > i{color:var(--awb-custom_color_2) !important;}.fusion-form-form-wrapper .fusion-form-1512 input.fusion-form-upload-field::placeholder{color:var(--awb-custom_color_2);}.fusion-form-form-wrapper .fusion-form-1512 .fusion-select-wrapper .select-arrow path{stroke:var(--awb-custom_color_2) !important;}.fusion-form-form-wrapper .fusion-form-1512 option,.fusion-form-form-wrapper .fusion-form-1512 label, .fusion-form-form-wrapper .fusion-form-1512 .label{color:var(--awb-custom_color_2);}.fusion-form-form-wrapper .fusion-form-1512 .fusion-form-field .fusion-form-checkbox label:before,.fusion-form-form-wrapper .fusion-form-1512 .fusion-form-field .fusion-form-radio label:before,.fusion-form-form-wrapper .fusion-form-1512 .fusion-form-field .fusion-form-image-select label{border-color:var(--awb-custom_color_2);}.fusion-form-form-wrapper .fusion-form-1512 .fusion-form-field .fusion-form-rating-area .fusion-form-rating-icon{color:var(--awb-custom_color_2);}.fusion-form-form-wrapper .fusion-form-1512 .fusion-form-field input[type=range]::-webkit-slider-runnable-track{background:var(--awb-custom_color_2);}.fusion-form-form-wrapper .fusion-form-1512 .fusion-form-field input[type=range]::-moz-range-track{background:var(--awb-custom_color_2);}.fusion-form-form-wrapper .fusion-form-1512 input:not([type=\"submit\"]):focus,.fusion-form-form-wrapper .fusion-form-1512 select:focus,.fusion-form-form-wrapper .fusion-form-1512 textarea:focus,.fusion-form-form-wrapper .fusion-form-1512 .fusion-form-field.focused.fusion-form-upload-field .fusion-form-upload-field,.fusion-form-form-wrapper .fusion-form-1512 .fusion-form-field .fusion-form-radio input:checked + label:before,.fusion-form-form-wrapper .fusion-form-1512 .fusion-form-field .fusion-form-radio input:hover + label:before,.fusion-form-form-wrapper .fusion-form-1512 .fusion-form-field .fusion-form-checkbox input:checked + label:before,.fusion-form-form-wrapper .fusion-form-1512 .fusion-form-field .fusion-form-checkbox input:hover + label:before,.fusion-form-form-wrapper .fusion-form-1512 .fusion-form-field .fusion-form-image-select .fusion-form-input:checked + label,.fusion-form-form-wrapper .fusion-form-1512 .fusion-form-field .fusion-form-image-select .fusion-form-input:hover + label,.fusion-form-form-wrapper .fusion-form-1512 .fusion-form-field .fusion-form-checkbox input:focus + label:before,.fusion-form-form-wrapper .fusion-form-1512 .fusion-form-field .fusion-form-radio input:focus + label:before,.fusion-form-form-wrapper .fusion-form-1512 .fusion-form-field .fusion-form-image-select .fusion-form-input:focus + label{border-color:rgba(62,67,70,0);}.fusion-form-form-wrapper .fusion-form-1512 .fusion-form-field .fusion-form-radio input:hover:not(:checked) + label:before,.fusion-form-form-wrapper .fusion-form-1512 .fusion-form-field .fusion-form-checkbox input:hover:not(:checked) + label:before,.fusion-form-form-wrapper .fusion-form-1512 .fusion-form-field .fusion-form-image-select .fusion-form-input:hover:not(:checked) + label,.fusion-form-form-wrapper .fusion-form-1512 .fusion-form-field .fusion-form-upload-field-container:hover .fusion-form-upload-field,.fusion-form-form-wrapper .fusion-form-1512 .fusion-form-field .fusion-form-range-field-container .fusion-form-range-value:hover:not(:focus),.fusion-form-form-wrapper .fusion-form-1512 .fusion-form-field .fusion-form-input:hover:not(:focus){border-color:rgba(62,67,70,0.5);}.fusion-form-form-wrapper .fusion-form-1512 .fusion-form-field .fusion-form-rating-area .fusion-form-input:checked ~ label i{color:rgba(62,67,70,0);}.fusion-form-form-wrapper .fusion-form-1512 .fusion-form-field .fusion-form-rating-area .fusion-form-input:checked:hover ~ label i,.fusion-form-form-wrapper .fusion-form-1512 .fusion-form-field .fusion-form-rating-area .fusion-form-rating-icon:hover i,.fusion-form-form-wrapper .fusion-form-1512 .fusion-form-field .fusion-form-rating-area .fusion-form-rating-icon:hover ~ label i,.fusion-form-form-wrapper .fusion-form-1512 .fusion-form-field .fusion-form-rating-area .fusion-form-input:hover ~ label i{color:rgba(62,67,70,0.5);}.fusion-form-form-wrapper .fusion-form-1512 .fusion-form-field .fusion-form-checkbox input:checked + label:after,.fusion-form-form-wrapper .fusion-form-1512 .fusion-form-field .fusion-form-radio input:checked + label:after{background:rgba(62,67,70,0);}.fusion-form-form-wrapper .fusion-form-1512 .fusion-form-field input[type=range]::-webkit-slider-thumb{background:rgba(62,67,70,0);}.fusion-form-form-wrapper .fusion-form-1512 .fusion-form-field input[type=range]::-moz-range-thumb{background:rgba(62,67,70,0);}<\/style><div class=\"fusion-form fusion-form-builder fusion-form-form-wrapper fusion-form-1512\" data-form-id=\"1512\" data-config=\"{&quot;form_id&quot;:&quot;1512&quot;,&quot;form_post_id&quot;:&quot;1512&quot;,&quot;post_id&quot;:1515,&quot;form_type&quot;:&quot;email&quot;,&quot;confirmation_type&quot;:&quot;message&quot;,&quot;redirect_url&quot;:&quot;&quot;,&quot;field_labels&quot;:{&quot;nom&quot;:&quot;Nom&quot;,&quot;prenom&quot;:&quot;Pr\\u00e9nom&quot;,&quot;date_de_naissance&quot;:&quot;Date de Naissance&quot;,&quot;poste&quot;:&quot;Poste de jeu&quot;,&quot;telephone&quot;:&quot;T\\u00e9l\\u00e9phone&quot;,&quot;e-mail&quot;:&quot;E-mail&quot;,&quot;Commentaire&quot;:&quot;Commentaire&quot;},&quot;field_logics&quot;:{&quot;nom&quot;:&quot;&quot;,&quot;prenom&quot;:&quot;&quot;,&quot;date_de_naissance&quot;:&quot;&quot;,&quot;poste&quot;:&quot;&quot;,&quot;telephone&quot;:&quot;&quot;,&quot;e-mail&quot;:&quot;&quot;,&quot;Commentaire&quot;:&quot;&quot;}}\"><form action=\"https:\/\/devme.ovh\/index.php\/inscription\/\" method=\"post\" class=\"fusion-form fusion-form-1512\"><div class=\"fusion-fullwidth fullwidth-box fusion-builder-row-3-1 fusion-flex-container nonhundred-percent-fullwidth non-hundred-percent-height-scrolling\" style=\"background-color: rgba(37,41,43,0);background-position: center center;background-repeat: no-repeat;border-width: 0px 0px 0px 0px;border-color:var(--awb-color3);border-style:solid;\" ><div class=\"fusion-builder-row fusion-row fusion-flex-align-items-center\" style=\"width:104% !important;max-width:104% !important;margin-left: calc(-4% \/ 2 );margin-right: calc(-4% \/ 2 );\"><div class=\"fusion-layout-column fusion_builder_column fusion-builder-column-3 fusion_builder_column_1_1 1_1 fusion-flex-column\"><div class=\"fusion-column-wrapper fusion-flex-justify-content-flex-start fusion-content-layout-column\" style=\"background-position:left top;background-repeat:no-repeat;-webkit-background-size:cover;-moz-background-size:cover;-o-background-size:cover;background-size:cover;padding: 0px 0px 0px 0px;\"><div class=\"fusion-form-field fusion-form-text-field fusion-form-label-above\" data-form-id=\"1512\"><div class=\"fusion-form-label-wrapper\"><label for=\"nom\">Nom <abbr class=\"fusion-form-element-required\" title=\"required\">*<\/abbr><\/label><\/div><div class=\"fusion-form-input-with-icon\"><i class=\"fa-address-book fas\"><\/i><input type=\"text\" name=\"nom\" id=\"nom\" value=\"\"  class=\"fusion-form-input\" required=\"true\" aria-required=\"true\" data-holds-private-data=\"false\" minlength=\"0\"\/><\/div><\/div><div class=\"fusion-form-field fusion-form-text-field fusion-form-label-above\" data-form-id=\"1512\"><div class=\"fusion-form-label-wrapper\"><label for=\"prenom\">Pr\u00e9nom <abbr class=\"fusion-form-element-required\" title=\"required\">*<\/abbr><\/label><\/div><div class=\"fusion-form-input-with-icon\"><i class=\"fa-address-book fas\"><\/i><input type=\"text\" name=\"prenom\" id=\"prenom\" value=\"\"  class=\"fusion-form-input\" required=\"true\" aria-required=\"true\" data-holds-private-data=\"false\" minlength=\"0\"\/><\/div><\/div><div class=\"fusion-form-field fusion-form-date-field fusion-form-label-above\" data-form-id=\"1512\"><label for=\"date_de_naissance\">Date de Naissance <abbr class=\"fusion-form-element-required\" title=\"required\">*<\/abbr><\/label><div class=\"fusion-form-input-with-icon\"><i class=\"fa-calendar-alt fas\"><\/i><input autocomplete=\"no\" type=\"date\" data-format=\"\" tabindex=\"\" id=\"date_de_naissance\" name=\"date_de_naissance\" data-type=\"custom\" value=\"\" data-holds-private-data=\"false\" class=\"fusion-form-input\" required=\"true\" aria-required=\"true\"autocomplete=\"no\"\/><\/div><\/div><div class=\"fusion-form-field fusion-form-text-field fusion-form-label-above\" data-form-id=\"1512\"><div class=\"fusion-form-label-wrapper\"><label for=\"poste\">Poste de jeu<\/label><\/div><div class=\"fusion-form-input-with-icon\"><i class=\"fa-chess fas\"><\/i><input type=\"text\" name=\"poste\" id=\"poste\" value=\"\"  class=\"fusion-form-input\" data-holds-private-data=\"false\" minlength=\"0\"\/><\/div><\/div><div class=\"fusion-form-field fusion-form-phone-number-field fusion-form-label-above\" data-form-id=\"1512\"><div class=\"fusion-form-label-wrapper\"><label for=\"telephone\">T\u00e9l\u00e9phone <abbr class=\"fusion-form-element-required\" title=\"required\">*<\/abbr><\/label><\/div><div class=\"fusion-form-input-with-icon\"><i class=\"fa-phone-square-alt fas\"><\/i><input type=\"phone-number\" name=\"telephone\" id=\"telephone\" value=\"\"  class=\"fusion-form-input\" required=\"true\" aria-required=\"true\" data-holds-private-data=\"false\" pattern=\"[0-9()#&+*-=.]+\" title=\"Only numbers and phone characters are accepted.\"\/><\/div><\/div><div class=\"fusion-form-field fusion-form-email-field fusion-form-label-above\" data-form-id=\"1512\"><div class=\"fusion-form-label-wrapper\"><label for=\"e-mail\">E-mail <abbr class=\"fusion-form-element-required\" title=\"required\">*<\/abbr><\/label><\/div><div class=\"fusion-form-input-with-icon\"><i class=\"fa-envelope fas\"><\/i><input type=\"email\" name=\"e-mail\" id=\"e-mail\" value=\"\"  class=\"fusion-form-input\" required=\"true\" aria-required=\"true\" data-holds-private-data=\"false\"\/><\/div><\/div><div class=\"fusion-form-field fusion-form-textarea-field fusion-form-label-above\" data-form-id=\"1512\"><label for=\"Commentaire\">Commentaire<\/label><div class=\"fusion-form-input-with-icon\"><i class=\" fa-comment-alt fas\"><\/i><textarea cols=\"40\"  minlength=\"0\"  maxlength=\"200\" rows=\"8\" tabindex=\"\" id=\"Commentaire\" name=\"Commentaire\" class=\"fusion-form-input\" data-holds-private-data=\"false\"><\/textarea><\/div><\/div><div class=\"fusion-form-field fusion-form-submit-field fusion-form-label-above\" data-form-id=\"1512\"><div style=\"text-align:center;\"><style>.fusion-button.button-1 .fusion-button-text,.fusion-button.button-1 i{color:var(--awb-color3);}.fusion-button.button-1{border-color:var(--awb-custom_color_2);border-radius:4px 4px 4px 4px;background:var(--awb-custom_color_2);}.fusion-button.button-1:hover .fusion-button-text,.fusion-button.button-1:hover i,.fusion-button.button-1:focus .fusion-button-text,.fusion-button.button-1:focus i,.fusion-button.button-1:active .fusion-button-text,.fusion-button.button-1:active i{color:var(--awb-custom_color_2);}.fusion-button.button-1:hover,.fusion-button.button-1:active,.fusion-button.button-1:focus{border-color:var(--awb-custom_color_2);background:var(--awb-custom_color_1);}<\/style><button type=\"submit\" class=\"fusion-button button-flat button-large button-custom button-1 fusion-button-default-span  form-form-submit button-default\" data-form-number=\"1512\" tabindex=\"\"><span class=\"fusion-button-text\">Envoyer<\/span><\/button><\/div><\/div><div class=\"form-submission-notices\" id=\"fusion-notices-1\"><div class=\"fusion-alert alert success alert-success fusion-alert-center fusion-form-response fusion-form-response-success alert-dismissable\" style=\"background-color:rgba(18,184,120,0.1);color:#12b878;border-color:#12b878;border-width:1px;\"><button type=\"button\" class=\"close toggle-alert\" data-dismiss=\"alert\" aria-label=\"Close\">&times;<\/button><div class=\"fusion-alert-content-wrapper\"><span class=\"alert-icon\"><i class=\"fa-lg fa fa-check-circle\" aria-hidden=\"true\"><\/i><\/span><span class=\"fusion-alert-content\">Merci pour votre message ! \nCe dernier nous \u00e0 bien \u00e9t\u00e9 envoy\u00e9.\n\nNous vous r\u00e9pondrons dans les 48 heures.<\/span><\/div><\/div><div class=\"fusion-alert alert error alert-danger fusion-alert-center fusion-form-response fusion-form-response-error alert-dismissable\" style=\"background-color:rgba(219,75,104,0.1);color:#db4b68;border-color:#db4b68;border-width:1px;\"><button type=\"button\" class=\"close toggle-alert\" data-dismiss=\"alert\" aria-label=\"Close\">&times;<\/button><div class=\"fusion-alert-content-wrapper\"><span class=\"alert-icon\"><i class=\"fa-lg fa fa-exclamation-triangle\" aria-hidden=\"true\"><\/i><\/span><span class=\"fusion-alert-content\">Une erreur est survenue lors de l'envoie de votre message.\nVeuillez r\u00e9essayer plus tard.\n\nMerci.<\/span><\/div><\/div><\/div><\/div><style type=\"text\/css\">.fusion-body .fusion-builder-column-3{width:100% !important;margin-top : 0px;margin-bottom : 20px;}.fusion-builder-column-3 > .fusion-column-wrapper {padding-top : 0px !important;padding-right : 0px !important;margin-right : 1.92%;padding-bottom : 0px !important;padding-left : 0px !important;margin-left : 1.92%;}@media only screen and (max-width:1024px) {.fusion-body .fusion-builder-column-3{width:100% !important;order : 0;}.fusion-builder-column-3 > .fusion-column-wrapper {margin-right : 1.92%;margin-left : 1.92%;}}@media only screen and (max-width:640px) {.fusion-body .fusion-builder-column-3{width:100% !important;order : 0;}.fusion-builder-column-3 > .fusion-column-wrapper {margin-right : 1.92%;margin-left : 1.92%;}}<\/style><\/div><\/div><style type=\"text\/css\">.fusion-body .fusion-flex-container.fusion-builder-row-3-1{ padding-top : 0px;margin-top : 0px;padding-right : 0px;padding-bottom : 0px;margin-bottom : 0px;padding-left : 0px;}<\/style><\/div><input type=\"hidden\" name=\"fusion_privacy_store_ip_ua\" value=\"false\"><input type=\"hidden\" name=\"fusion_privacy_expiration_interval\" value=\"48\"><input type=\"hidden\" name=\"privacy_expiration_action\" value=\"anonymize\"><\/form><\/div><\/div><style type=\"text\/css\">.fusion-body .fusion-builder-column-2{width:100% !important;margin-top : 0px;margin-bottom : 20px;}.fusion-builder-column-2 > .fusion-column-wrapper {padding-top : 0px !important;padding-right : 0px !important;margin-right : 1.92%;padding-bottom : 0px !important;padding-left : 0px !important;margin-left : 1.92%;}@media only screen and (max-width:1024px) {.fusion-body .fusion-builder-column-2{width:100% !important;order : 0;}.fusion-builder-column-2 > .fusion-column-wrapper {margin-right : 1.92%;margin-left : 1.92%;}}@media only screen and (max-width:640px) {.fusion-body .fusion-builder-column-2{width:50% !important;order : 0;}.fusion-builder-column-2 > .fusion-column-wrapper {margin-right : 3.84%;margin-left : 3.84%;}}<\/style><\/div><\/div><style type=\"text\/css\">.fusion-body .fusion-flex-container.fusion-builder-row-3{ padding-top : 0px;margin-top : 0px;padding-right : 0px;padding-bottom : 50px;margin-bottom : 0px;padding-left : 0px;}<\/style><\/div><\/p>\n","protected":false},"excerpt":{"rendered":"","protected":false},"author":1,"featured_media":0,"parent":0,"menu_order":0,"comment_status":"closed","ping_status":"closed","template":"100-width.php","meta":[],"_links":{"self":[{"href":"https:\/\/devme.ovh\/index.php\/wp-json\/wp\/v2\/pages\/1515"}],"collection":[{"href":"https:\/\/devme.ovh\/index.php\/wp-json\/wp\/v2\/pages"}],"about":[{"href":"https:\/\/devme.ovh\/index.php\/wp-json\/wp\/v2\/types\/page"}],"author":[{"embeddable":true,"href":"https:\/\/devme.ovh\/index.php\/wp-json\/wp\/v2\/users\/1"}],"replies":[{"embeddable":true,"href":"https:\/\/devme.ovh\/index.php\/wp-json\/wp\/v2\/comments?post=1515"}],"version-history":[{"count":3,"href":"https:\/\/devme.ovh\/index.php\/wp-json\/wp\/v2\/pages\/1515\/revisions"}],"predecessor-version":[{"id":1518,"href":"https:\/\/devme.ovh\/index.php\/wp-json\/wp\/v2\/pages\/1515\/revisions\/1518"}],"wp:attachment":[{"href":"https:\/\/devme.ovh\/index.php\/wp-json\/wp\/v2\/media?parent=1515"}],"curies":[{"name":"wp","href":"https:\/\/api.w.org\/{rel}","templated":true}]}}