{"id":73,"date":"2015-05-12T16:43:06","date_gmt":"2015-05-12T16:43:06","guid":{"rendered":"http:\/\/devme.ovh\/?page_id=73"},"modified":"2022-02-07T14:50:37","modified_gmt":"2022-02-07T13:50:37","slug":"home","status":"publish","type":"page","link":"https:\/\/devme.ovh\/","title":{"rendered":"RCPLO"},"content":{"rendered":"<p><div class=\"fusion-fullwidth fullwidth-box fusion-builder-row-1 fusion-flex-container fusion-parallax-none nonhundred-percent-fullwidth non-hundred-percent-height-scrolling\" style=\"background-color: var(--awb-custom_color_3);background-image: url(&quot;http:\/\/devme.ovh\/wp-content\/uploads\/2022\/01\/bg_trio.png&quot;);background-position: center center;background-repeat: no-repeat;border-width: 0px 0px 0px 0px;border-color:var(--awb-color3);border-style:solid;-webkit-background-size:cover;-moz-background-size:cover;-o-background-size:cover;background-size:cover;\" ><div class=\"fusion-builder-row fusion-row fusion-flex-align-items-flex-start\" style=\"max-width:1248px;margin-left: calc(-4% \/ 2 );margin-right: calc(-4% \/ 2 );\"><div class=\"fusion-layout-column fusion_builder_column fusion-builder-column-0 fusion_builder_column_1_1 1_1 fusion-flex-column\"><div class=\"fusion-column-wrapper fusion-flex-justify-content-flex-start fusion-content-layout-column\" style=\"background-position:left top;background-repeat:no-repeat;-webkit-background-size:cover;-moz-background-size:cover;-o-background-size:cover;background-size:cover;padding: 69px 0px 92px 0px;\"><style type=\"text\/css\">@media only screen and (max-width:1024px) {.fusion-title.fusion-title-1{margin-top:10px!important; margin-right:0px!important;margin-bottom:15px!important;margin-left:0px!important;}}@media only screen and (max-width:640px) {.fusion-title.fusion-title-1{margin-top:10px!important; margin-right:0px!important;margin-bottom:10px!important; margin-left:0px!important;}}<\/style><div class=\"fusion-title title fusion-title-1 fusion-sep-none fusion-title-center fusion-title-text fusion-title-size-one\" style=\"margin-top:10px;margin-right:0px;margin-bottom:15px;margin-left:0px;\"><h1 class=\"title-heading-center\" style=\"margin:0;color:var(--awb-color3);\"><p><span style=\"color: #edf0f2;\">RUGBY CLUB<\/span><\/p>\n<p><span style=\"color: #edf0f2;\"><a style=\"color: #edf0f2;\">GEN\u00c8VE-PLAN-LES-OUATES<\/a><\/span><\/p><\/h1><\/div><div class=\"fusion-text fusion-text-1\"><p style=\"text-align: center;\"><span style=\"color: var(--awb-color3);\">Je suis un Chevalier de Gen\u00e8ve PLAN-LES-OUATES, je suis le club de GEPLO, je porte et je d\u00e9fends ses valeurs !<\/span><\/p>\n<\/div><div style=\"text-align:center;\"><style>.fusion-button.button-1 .fusion-button-text,.fusion-button.button-1 i{color:var(--awb-custom_color_1);}.fusion-button.button-1{border-color:var(--awb-color3);border-width:2px 2px 2px 2px;border-radius:4px 4px 4px 4px;background:rgba(238,96,89,0);}.fusion-button.button-1:hover .fusion-button-text,.fusion-button.button-1:hover i,.fusion-button.button-1:focus .fusion-button-text,.fusion-button.button-1:focus i,.fusion-button.button-1:active .fusion-button-text,.fusion-button.button-1:active i{color:var(--awb-custom_color_2);}.fusion-button.button-1:hover,.fusion-button.button-1:active,.fusion-button.button-1:focus{border-color:var(--awb-custom_color_2);border-width:2px 2px 2px 2px;background:rgba(224,90,83,0);}<\/style><a class=\"fusion-button button-flat fusion-button-default-size button-custom button-1 fusion-button-span-no fusion-button-default-type fusion-animated\" data-animationType=\"fadeInLeft\" data-animationDuration=\"0.3\" data-animationOffset=\"top-into-view\" target=\"_self\" href=\"http:\/\/devme.ovh\/index.php\/inscription\/\"><span class=\"fusion-button-text\">Rejoins Nous !<\/span><\/a><\/div><\/div><style type=\"text\/css\">.fusion-body .fusion-builder-column-0{width:100% !important;margin-top : 81px;margin-bottom : 0px;}.fusion-builder-column-0 > .fusion-column-wrapper {padding-top : 69px !important;padding-right : 0px !important;margin-right : 0%;padding-bottom : 92px !important;padding-left : 0px !important;margin-left : 0%;}@media only screen and (max-width:1024px) {.fusion-body .fusion-builder-column-0{width:100% !important;order : 0;}.fusion-builder-column-0 > .fusion-column-wrapper {margin-right : 0%;margin-left : 0%;}}@media only screen and (max-width:640px) {.fusion-body .fusion-builder-column-0{width:100% !important;order : 0;}.fusion-builder-column-0 > .fusion-column-wrapper {margin-right : 1.92%;margin-left : 1.92%;}}<\/style><\/div><\/div><style type=\"text\/css\">.fusion-body .fusion-flex-container.fusion-builder-row-1{ padding-top : 180px;margin-top : 0px;padding-right : 0px;padding-bottom : 60px;margin-bottom : 0px;padding-left : 0px;}@media only screen and (max-width:1024px) {.fusion-body .fusion-flex-container.fusion-builder-row-1{ padding-bottom : 79px;margin-bottom : 0px;}}@media only screen and (max-width:640px) {.fusion-body .fusion-flex-container.fusion-builder-row-1{ margin-bottom : 2px;padding-left : 0px;}}<\/style><\/div><div class=\"fusion-fullwidth fullwidth-box fusion-builder-row-2 fusion-flex-container nonhundred-percent-fullwidth non-hundred-percent-height-scrolling\" style=\"background-color: var(--awb-color3);background-position: center center;background-repeat: no-repeat;border-width: 0px 0px 0px 0px;border-color:var(--awb-color3);border-style:solid;\" ><div class=\"fusion-builder-row fusion-row fusion-flex-align-items-flex-start\" style=\"max-width:1248px;margin-left: calc(-4% \/ 2 );margin-right: calc(-4% \/ 2 );\"><div class=\"fusion-layout-column fusion_builder_column fusion-builder-column-1 fusion_builder_column_1_1 1_1 fusion-flex-column\"><div class=\"fusion-column-wrapper fusion-flex-justify-content-flex-start fusion-content-layout-column\" style=\"background-position:left top;background-repeat:no-repeat;-webkit-background-size:cover;-moz-background-size:cover;-o-background-size:cover;background-size:cover;padding: 0px 0px 0px 0px;\"><style type=\"text\/css\">@media only screen and (max-width:1024px) {.fusion-title.fusion-title-2{margin-top:50px!important; margin-right:0px!important;margin-bottom:15px!important;margin-left:0px!important;}}@media only screen and (max-width:640px) {.fusion-title.fusion-title-2{margin-top:10px!important; margin-right:0px!important;margin-bottom:10px!important; margin-left:0px!important;}}<\/style><div class=\"fusion-title title fusion-title-2 fusion-sep-none fusion-title-text fusion-title-size-three\" style=\"margin-top:50px;margin-right:0px;margin-bottom:15px;margin-left:0px;\"><h3 class=\"title-heading-left\" style=\"margin:0;color:var(--awb-custom_color_2);\">LES CHEVALIERS<\/h3><\/div><\/div><style type=\"text\/css\">.fusion-body .fusion-builder-column-1{width:100% !important;margin-top : 0px;margin-bottom : 20px;}.fusion-builder-column-1 > .fusion-column-wrapper {padding-top : 0px !important;padding-right : 0px !important;margin-right : 1.92%;padding-bottom : 0px !important;padding-left : 0px !important;margin-left : 1.92%;}@media only screen and (max-width:1024px) {.fusion-body .fusion-builder-column-1{width:100% !important;order : 0;}.fusion-builder-column-1 > .fusion-column-wrapper {margin-right : 1.92%;margin-left : 1.92%;}}@media only screen and (max-width:640px) {.fusion-body .fusion-builder-column-1{width:100% !important;order : 0;}.fusion-builder-column-1 > .fusion-column-wrapper {margin-right : 1.92%;margin-left : 1.92%;}}<\/style><\/div><\/div><style type=\"text\/css\">.fusion-body .fusion-flex-container.fusion-builder-row-2{ padding-top : 0px;margin-top : 0px;padding-right : 0px;padding-bottom : 0px;margin-bottom : 0px;padding-left : 0px;}<\/style><\/div><div class=\"fusion-fullwidth fullwidth-box fusion-builder-row-3 fusion-flex-container nonhundred-percent-fullwidth non-hundred-percent-height-scrolling\" style=\"background-color: var(--awb-custom_color_2);background-position: center center;background-repeat: no-repeat;border-width: 0px 0px 0px 0px;border-color:var(--awb-color3);border-style:solid;\" ><div class=\"fusion-builder-row fusion-row fusion-flex-align-items-flex-start\" style=\"max-width:1248px;margin-left: calc(-4% \/ 2 );margin-right: calc(-4% \/ 2 );\"><div class=\"fusion-layout-column fusion_builder_column fusion-builder-column-2 fusion_builder_column_1_1 1_1 fusion-flex-column\"><div class=\"fusion-column-wrapper fusion-flex-justify-content-flex-start fusion-content-layout-column\" style=\"background-position:left top;background-repeat:no-repeat;-webkit-background-size:cover;-moz-background-size:cover;-o-background-size:cover;background-size:cover;padding: 0px 0px 0px 0px;\"><style type=\"text\/css\">@media only screen and (max-width:1024px) {.fusion-title.fusion-title-3{margin-top:50px!important; margin-right:0px!important;margin-bottom:15px!important;margin-left:0px!important;}}@media only screen and (max-width:640px) {.fusion-title.fusion-title-3{margin-top:10px!important; margin-right:0px!important;margin-bottom:10px!important; margin-left:0px!important;}}<\/style><div class=\"fusion-title title fusion-title-3 fusion-sep-none fusion-title-text fusion-title-size-three\" style=\"margin-top:50px;margin-right:0px;margin-bottom:15px;margin-left:0px;\"><h3 class=\"title-heading-left\" style=\"margin:0;color:var(--awb-color3);\">L&rsquo;ACAD\u00c9MIE DE PLAN-LES-OUATES<\/h3><\/div><\/div><style type=\"text\/css\">.fusion-body .fusion-builder-column-2{width:100% !important;margin-top : 0px;margin-bottom : 20px;}.fusion-builder-column-2 > .fusion-column-wrapper {padding-top : 0px !important;padding-right : 0px !important;margin-right : 1.92%;padding-bottom : 0px !important;padding-left : 0px !important;margin-left : 1.92%;}@media only screen and (max-width:1024px) {.fusion-body .fusion-builder-column-2{width:100% !important;order : 0;}.fusion-builder-column-2 > .fusion-column-wrapper {margin-right : 1.92%;margin-left : 1.92%;}}@media only screen and (max-width:640px) {.fusion-body .fusion-builder-column-2{width:100% !important;order : 0;}.fusion-builder-column-2 > .fusion-column-wrapper {margin-right : 1.92%;margin-left : 1.92%;}}<\/style><\/div><\/div><style type=\"text\/css\">.fusion-body .fusion-flex-container.fusion-builder-row-3{ padding-top : 0px;margin-top : 0px;padding-right : 0px;padding-bottom : 0px;margin-bottom : 0px;padding-left : 0px;}<\/style><\/div><div class=\"fusion-fullwidth fullwidth-box fusion-builder-row-4 fusion-flex-container nonhundred-percent-fullwidth non-hundred-percent-height-scrolling\" style=\"background-color: var(--awb-custom_color_2);background-position: center center;background-repeat: no-repeat;border-width: 0px 0px 0px 0px;border-color:var(--awb-color3);border-style:solid;\" ><div class=\"fusion-builder-row fusion-row fusion-flex-align-items-flex-start\" style=\"max-width:1248px;margin-left: calc(-4% \/ 2 );margin-right: calc(-4% \/ 2 );\"><div class=\"fusion-layout-column fusion_builder_column fusion-builder-column-3 fusion_builder_column_1_3 1_3 fusion-flex-column\"><div class=\"fusion-column-wrapper fusion-flex-justify-content-flex-start fusion-content-layout-column\" style=\"background-position:left top;background-repeat:no-repeat;-webkit-background-size:cover;-moz-background-size:cover;-o-background-size:cover;background-size:cover;padding: 0px 0px 0px 0px;\"><div ><style>.fusion-imageframe.imageframe-1 .awb-imageframe-caption-container .awb-imageframe-caption-title{color:var(--awb-color3) !important;font-size:75px !important;}.fusion-imageframe.imageframe-1{background:var(--awb-custom_color_2);}.fusion-imageframe.imageframe-1 img{-webkit-mask-image:url(https:\/\/devme.ovh\/wp-content\/plugins\/fusion-builder\/\/assets\/images\/masks\/mask-17.svg);-mask-image:url(https:\/\/devme.ovh\/wp-content\/plugins\/fusion-builder\/\/assets\/images\/masks\/mask-17.svg);}.fusion-imageframe.imageframe-1 img{aspect-ratio:100 \/ 100;object-position:26% 57%;}<\/style><span class=\" fusion-imageframe imageframe-none imageframe-1 awb-imageframe-style awb-imageframe-style-dario has-mask has-aspect-ratio\"><a class=\"fusion-no-lightbox\" href=\"http:\/\/devme.ovh\/index.php\/adultes\/\" target=\"_self\" aria-label=\"GEPLO-HIRSLANDEN2\"><img width=\"2560\" height=\"1707\" alt=\"Adultes\" src=\"http:\/\/devme.ovh\/wp-content\/uploads\/2022\/02\/GEPLO-HIRSLANDEN2-scaled.jpg\" class=\"img-responsive wp-image-1604 img-with-aspect-ratio\" srcset=\"https:\/\/devme.ovh\/wp-content\/uploads\/2022\/02\/GEPLO-HIRSLANDEN2-200x133.jpg 200w, https:\/\/devme.ovh\/wp-content\/uploads\/2022\/02\/GEPLO-HIRSLANDEN2-400x267.jpg 400w, https:\/\/devme.ovh\/wp-content\/uploads\/2022\/02\/GEPLO-HIRSLANDEN2-600x400.jpg 600w, https:\/\/devme.ovh\/wp-content\/uploads\/2022\/02\/GEPLO-HIRSLANDEN2-800x533.jpg 800w, https:\/\/devme.ovh\/wp-content\/uploads\/2022\/02\/GEPLO-HIRSLANDEN2-1200x800.jpg 1200w, https:\/\/devme.ovh\/wp-content\/uploads\/2022\/02\/GEPLO-HIRSLANDEN2-scaled.jpg 2560w\" sizes=\"(max-width: 640px) 100vw, 400px\" \/><div class=\"awb-imageframe-caption-container\"><div class=\"awb-imageframe-caption\"><h2 class=\"awb-imageframe-caption-title\">SENIORS<\/h2><\/div><\/div><\/a><\/span><\/div><div class=\"fusion-text fusion-text-2\" style=\"color:var(--awb-color3);margin-top:50px;\"><p><span style=\"color: var(--awb-color3);\">Le Rugby Club Gen\u00e8ve Plan-les-Ouates comporte deux \u00e9quipes adultes. L&rsquo;\u00e9quipe fanion \u00e9volue en premi\u00e8re division nationale (<\/span><strong style=\"color: var(--awb-color3);\">LNA<\/strong><span style=\"color: var(--awb-color3);\">) et l&rsquo;\u00e9quipe d\u00e9veloppement joue dans le championnat des \u00e9quipes r\u00e9serves de LNA : l&rsquo;<\/span><strong style=\"color: var(--awb-color3);\">Excellence A<\/strong>.<\/p>\n<\/div><\/div><style type=\"text\/css\">.fusion-body .fusion-builder-column-3{width:33.333333333333% !important;margin-top : 0px;margin-bottom : 20px;}.fusion-builder-column-3 > .fusion-column-wrapper {padding-top : 0px !important;padding-right : 0px !important;margin-right : 5.76%;padding-bottom : 0px !important;padding-left : 0px !important;margin-left : 5.76%;}@media only screen and (max-width:1024px) {.fusion-body .fusion-builder-column-3{width:33.333333333333% !important;order : 0;}.fusion-builder-column-3 > .fusion-column-wrapper {margin-right : 5.76%;margin-left : 5.76%;}}@media only screen and (max-width:640px) {.fusion-body .fusion-builder-column-3{width:100% !important;order : 0;}.fusion-builder-column-3 > .fusion-column-wrapper {margin-right : 1.92%;margin-left : 1.92%;}}<\/style><\/div><div class=\"fusion-layout-column fusion_builder_column fusion-builder-column-4 fusion_builder_column_1_3 1_3 fusion-flex-column\"><div class=\"fusion-column-wrapper fusion-flex-justify-content-flex-start fusion-content-layout-column\" style=\"background-position:left top;background-repeat:no-repeat;-webkit-background-size:cover;-moz-background-size:cover;-o-background-size:cover;background-size:cover;padding: 0px 0px 0px 0px;\"><div ><style>.fusion-imageframe.imageframe-2 .awb-imageframe-caption-container .awb-imageframe-caption-title{color:var(--awb-color3) !important;font-size:75px !important;}.fusion-imageframe.imageframe-2{background:var(--awb-custom_color_2);}.fusion-imageframe.imageframe-2 img{-webkit-mask-image:url(https:\/\/devme.ovh\/wp-content\/plugins\/fusion-builder\/\/assets\/images\/masks\/mask-17.svg);-mask-image:url(https:\/\/devme.ovh\/wp-content\/plugins\/fusion-builder\/\/assets\/images\/masks\/mask-17.svg);}.fusion-imageframe.imageframe-2 img{aspect-ratio:100 \/ 100;object-position:27% 36%;}<\/style><span class=\" fusion-imageframe imageframe-none imageframe-2 awb-imageframe-style awb-imageframe-style-dario has-mask has-aspect-ratio\"><a class=\"fusion-no-lightbox\" href=\"http:\/\/devme.ovh\/index.php\/academie\/\" target=\"_self\" aria-label=\"academie_junior\"><img width=\"1000\" height=\"667\" alt=\"Academie\" src=\"http:\/\/devme.ovh\/wp-content\/uploads\/2022\/02\/academie_junior.jpg\" class=\"img-responsive wp-image-1599 img-with-aspect-ratio\" srcset=\"https:\/\/devme.ovh\/wp-content\/uploads\/2022\/02\/academie_junior-200x133.jpg 200w, https:\/\/devme.ovh\/wp-content\/uploads\/2022\/02\/academie_junior-400x267.jpg 400w, https:\/\/devme.ovh\/wp-content\/uploads\/2022\/02\/academie_junior-600x400.jpg 600w, https:\/\/devme.ovh\/wp-content\/uploads\/2022\/02\/academie_junior-800x534.jpg 800w, https:\/\/devme.ovh\/wp-content\/uploads\/2022\/02\/academie_junior.jpg 1000w\" sizes=\"(max-width: 640px) 100vw, 400px\" \/><div class=\"awb-imageframe-caption-container\"><div class=\"awb-imageframe-caption\"><h2 class=\"awb-imageframe-caption-title\">JUNIOR<\/h2><\/div><\/div><\/a><\/span><\/div><div class=\"fusion-text fusion-text-3\" style=\"color:var(--awb-color3);margin-top:50px;\"><p>L&rsquo;acad\u00e9mie du Rugby Club Gen\u00e8ve Plan-les-Ouates comporte trois cat\u00e9gories.<\/p>\n<ul>\n<li><span style=\"color: var(--awb-color3);\">Les U19<\/span><\/li>\n<li><span style=\"color: var(--awb-color3);\">Les U16<\/span><\/li>\n<li><span style=\"color: var(--awb-color3);\">Les U14<\/span><\/li>\n<\/ul>\n<\/div><\/div><style type=\"text\/css\">.fusion-body .fusion-builder-column-4{width:33.333333333333% !important;margin-top : 0px;margin-bottom : 20px;}.fusion-builder-column-4 > .fusion-column-wrapper {padding-top : 0px !important;padding-right : 0px !important;margin-right : 5.76%;padding-bottom : 0px !important;padding-left : 0px !important;margin-left : 5.76%;}@media only screen and (max-width:1024px) {.fusion-body .fusion-builder-column-4{width:33.333333333333% !important;order : 0;}.fusion-builder-column-4 > .fusion-column-wrapper {margin-right : 5.76%;margin-left : 5.76%;}}@media only screen and (max-width:640px) {.fusion-body .fusion-builder-column-4{width:100% !important;order : 0;}.fusion-builder-column-4 > .fusion-column-wrapper {margin-right : 1.92%;margin-left : 1.92%;}}<\/style><\/div><div class=\"fusion-layout-column fusion_builder_column fusion-builder-column-5 fusion_builder_column_1_3 1_3 fusion-flex-column\"><div class=\"fusion-column-wrapper fusion-flex-justify-content-flex-start fusion-content-layout-column\" style=\"background-position:left top;background-repeat:no-repeat;-webkit-background-size:cover;-moz-background-size:cover;-o-background-size:cover;background-size:cover;padding: 0px 0px 0px 0px;\"><div ><style>.fusion-imageframe.imageframe-3 .awb-imageframe-caption-container .awb-imageframe-caption-title{color:var(--awb-color3) !important;font-size:75px !important;}.fusion-imageframe.imageframe-3{background:var(--awb-custom_color_2);}.fusion-imageframe.imageframe-3 img{-webkit-mask-image:url(https:\/\/devme.ovh\/wp-content\/plugins\/fusion-builder\/\/assets\/images\/masks\/mask-17.svg);-mask-image:url(https:\/\/devme.ovh\/wp-content\/plugins\/fusion-builder\/\/assets\/images\/masks\/mask-17.svg);}.fusion-imageframe.imageframe-3 img{aspect-ratio:100 \/ 100;object-position:67% 99%;}<\/style><span class=\" fusion-imageframe imageframe-none imageframe-3 awb-imageframe-style awb-imageframe-style-dario has-mask has-aspect-ratio\"><a class=\"fusion-no-lightbox\" href=\"http:\/\/devme.ovh\/index.php\/enfants\/\" target=\"_self\" aria-label=\"academie_enfant (1)\"><img width=\"2430\" height=\"2560\" alt=\"Enfants\" src=\"http:\/\/devme.ovh\/wp-content\/uploads\/2022\/02\/academie_enfant-1-scaled.jpg\" class=\"img-responsive wp-image-1600 img-with-aspect-ratio disable-lazyload\" srcset=\"https:\/\/devme.ovh\/wp-content\/uploads\/2022\/02\/academie_enfant-1-200x211.jpg 200w, https:\/\/devme.ovh\/wp-content\/uploads\/2022\/02\/academie_enfant-1-400x421.jpg 400w, https:\/\/devme.ovh\/wp-content\/uploads\/2022\/02\/academie_enfant-1-600x632.jpg 600w, https:\/\/devme.ovh\/wp-content\/uploads\/2022\/02\/academie_enfant-1-800x843.jpg 800w, https:\/\/devme.ovh\/wp-content\/uploads\/2022\/02\/academie_enfant-1-1200x1264.jpg 1200w, https:\/\/devme.ovh\/wp-content\/uploads\/2022\/02\/academie_enfant-1-scaled.jpg 2430w\" sizes=\"(max-width: 640px) 100vw, 400px\" \/><div class=\"awb-imageframe-caption-container\"><div class=\"awb-imageframe-caption\"><h2 class=\"awb-imageframe-caption-title\">ENFANTS<\/h2><\/div><\/div><\/a><\/span><\/div><div class=\"fusion-text fusion-text-4\" style=\"color:var(--awb-color3);margin-top:50px;\"><p>Pour les plus jeunes, et les futurs chevalier \u00e0 en devenir, le Rugby Club Gen\u00e8ve Plan-les-Ouates comporte quatre cat\u00e9gories.<\/p>\n<ul>\n<li><span style=\"color: var(--awb-color3);\">Les U06<\/span><\/li>\n<li><span style=\"color: var(--awb-color3);\">Les U08<\/span><\/li>\n<li><span style=\"color: var(--awb-color3);\">Les U10<\/span><\/li>\n<li><span style=\"color: var(--awb-color3);\">Les U12<\/span><\/li>\n<\/ul>\n<\/div><\/div><style type=\"text\/css\">.fusion-body .fusion-builder-column-5{width:33.333333333333% !important;margin-top : 0px;margin-bottom : 20px;}.fusion-builder-column-5 > .fusion-column-wrapper {padding-top : 0px !important;padding-right : 0px !important;margin-right : 5.76%;padding-bottom : 0px !important;padding-left : 0px !important;margin-left : 5.76%;}@media only screen and (max-width:1024px) {.fusion-body .fusion-builder-column-5{width:33.333333333333% !important;order : 0;}.fusion-builder-column-5 > .fusion-column-wrapper {margin-right : 5.76%;margin-left : 5.76%;}}@media only screen and (max-width:640px) {.fusion-body .fusion-builder-column-5{width:100% !important;order : 0;}.fusion-builder-column-5 > .fusion-column-wrapper {margin-right : 1.92%;margin-left : 1.92%;}}<\/style><\/div><\/div><style type=\"text\/css\">.fusion-body .fusion-flex-container.fusion-builder-row-4{ padding-top : 50px;margin-top : 0px;padding-right : 0px;padding-bottom : 50px;margin-bottom : 0px;padding-left : 0px;}<\/style><\/div><div class=\"fusion-fullwidth fullwidth-box fusion-builder-row-5 fusion-flex-container hundred-percent-fullwidth non-hundred-percent-height-scrolling\" style=\"background-color: var(--awb-color1);background-position: center center;background-repeat: no-repeat;border-width: 0px 0px 0px 0px;border-color:var(--awb-color3);border-style:solid;\" ><div class=\"fusion-builder-row fusion-row fusion-flex-align-items-flex-start\" style=\"width:calc( 100% + 0px ) !important;max-width:calc( 100% + 0px ) !important;margin-left: calc(-0px \/ 2 );margin-right: calc(-0px \/ 2 );\"><div class=\"fusion-layout-column fusion_builder_column fusion-builder-column-6 fusion_builder_column_1_1 1_1 fusion-flex-column fusion-flex-align-self-flex-start fusion-column-no-min-height\"><div class=\"fusion-column-wrapper fusion-flex-justify-content-flex-start fusion-content-layout-column\" style=\"background-position:left top;background-blend-mode: overlay;background-repeat:no-repeat;-webkit-background-size:cover;-moz-background-size:cover;-o-background-size:cover;background-size:cover;padding: 0px 0px 0px 0px;\"><style type=\"text\/css\">@media only screen and (max-width:1024px) {.fusion-title.fusion-title-4{margin-top:20px!important; margin-right:0px!important;margin-bottom:15px!important;margin-left:0px!important;}}@media only screen and (max-width:640px) {.fusion-title.fusion-title-4{margin-top:10px!important; margin-right:0px!important;margin-bottom:10px!important; margin-left:0px!important;}}<\/style><div class=\"fusion-title title fusion-title-4 fusion-sep-none fusion-title-center fusion-title-text fusion-title-size-three\" style=\"margin-top:20px;margin-right:0px;margin-bottom:15px;margin-left:0px;\"><h3 class=\"title-heading-center\" style=\"margin:0;text-transform:uppercase;color:var(--awb-custom_color_3);\"><p style=\"text-align: center;\">Merci \u00e0 nos sponsors !<\/p><\/h3><\/div><div style=\"text-align:center;\"><span class=\" fusion-imageframe imageframe-none imageframe-4 hover-type-none\"><img width=\"994\" height=\"294\" title=\"sponsors\" src=\"http:\/\/devme.ovh\/wp-content\/uploads\/2022\/01\/sponsors.png\" alt class=\"img-responsive wp-image-1176\" srcset=\"https:\/\/devme.ovh\/wp-content\/uploads\/2022\/01\/sponsors-200x59.png 200w, https:\/\/devme.ovh\/wp-content\/uploads\/2022\/01\/sponsors-400x118.png 400w, https:\/\/devme.ovh\/wp-content\/uploads\/2022\/01\/sponsors-600x177.png 600w, https:\/\/devme.ovh\/wp-content\/uploads\/2022\/01\/sponsors-800x237.png 800w, https:\/\/devme.ovh\/wp-content\/uploads\/2022\/01\/sponsors.png 994w\" sizes=\"(max-width: 640px) 100vw, 994px\" \/><\/span><\/div><\/div><style type=\"text\/css\">.fusion-body .fusion-builder-column-6{width:100% !important;margin-top : 0px;margin-bottom : 0px;}.fusion-builder-column-6 > .fusion-column-wrapper {padding-top : 0px !important;padding-right : 0px !important;margin-right : 0px;padding-bottom : 0px !important;padding-left : 0px !important;margin-left : 0px;}@media only screen and (max-width:1024px) {.fusion-body .fusion-builder-column-6{width:100% !important;}.fusion-builder-column-6 > .fusion-column-wrapper {margin-right : 0px;margin-left : 0px;}}@media only screen and (max-width:640px) {.fusion-body .fusion-builder-column-6{width:100% !important;}.fusion-builder-column-6 > .fusion-column-wrapper {margin-right : 0px;margin-left : 0px;}}<\/style><\/div><\/div><style type=\"text\/css\">.fusion-fullwidth.fusion-builder-row-5 { overflow:visible; }.fusion-body .fusion-flex-container.fusion-builder-row-5{ padding-top : 0px;margin-top : 0px;padding-right : 0px;padding-bottom : 0px;margin-bottom : 0px;padding-left : 0px;}<\/style><\/div><\/p>\n","protected":false},"excerpt":{"rendered":"","protected":false},"author":1,"featured_media":0,"parent":0,"menu_order":0,"comment_status":"open","ping_status":"closed","template":"100-width.php","meta":[],"_links":{"self":[{"href":"https:\/\/devme.ovh\/index.php\/wp-json\/wp\/v2\/pages\/73"}],"collection":[{"href":"https:\/\/devme.ovh\/index.php\/wp-json\/wp\/v2\/pages"}],"about":[{"href":"https:\/\/devme.ovh\/index.php\/wp-json\/wp\/v2\/types\/page"}],"author":[{"embeddable":true,"href":"https:\/\/devme.ovh\/index.php\/wp-json\/wp\/v2\/users\/1"}],"replies":[{"embeddable":true,"href":"https:\/\/devme.ovh\/index.php\/wp-json\/wp\/v2\/comments?post=73"}],"version-history":[{"count":105,"href":"https:\/\/devme.ovh\/index.php\/wp-json\/wp\/v2\/pages\/73\/revisions"}],"predecessor-version":[{"id":1613,"href":"https:\/\/devme.ovh\/index.php\/wp-json\/wp\/v2\/pages\/73\/revisions\/1613"}],"wp:attachment":[{"href":"https:\/\/devme.ovh\/index.php\/wp-json\/wp\/v2\/media?parent=73"}],"curies":[{"name":"wp","href":"https:\/\/api.w.org\/{rel}","templated":true}]}}